{"id":1123,"date":"2025-11-03T09:23:34","date_gmt":"2025-11-03T08:23:34","guid":{"rendered":"https:\/\/elgallinerdelantiquari.net\/menu-du-groupe\/"},"modified":"2025-11-03T09:30:20","modified_gmt":"2025-11-03T08:30:20","slug":"menu-du-groupe","status":"publish","type":"page","link":"https:\/\/elgallinerdelantiquari.net\/fr\/menu-du-groupe\/","title":{"rendered":"Menu du groupe"},"content":{"rendered":"\n<div class=\"wp-block-cover\" style=\"min-height:294px;aspect-ratio:unset;\"><img loading=\"lazy\" decoding=\"async\" width=\"1024\" height=\"1024\" class=\"wp-block-cover__image-background wp-image-341 size-large\" alt=\"\" src=\"https:\/\/elgallinerdelantiquari.net\/wp-content\/uploads\/2024\/12\/WhatsApp-Image-2024-12-27-at-09.11.54-1024x1024.jpeg\" style=\"object-position:50% 78%\" data-object-fit=\"cover\" data-object-position=\"50% 78%\" srcset=\"https:\/\/elgallinerdelantiquari.net\/wp-content\/uploads\/2024\/12\/WhatsApp-Image-2024-12-27-at-09.11.54-1024x1024.jpeg 1024w, https:\/\/elgallinerdelantiquari.net\/wp-content\/uploads\/2024\/12\/WhatsApp-Image-2024-12-27-at-09.11.54-300x300.jpeg 300w, https:\/\/elgallinerdelantiquari.net\/wp-content\/uploads\/2024\/12\/WhatsApp-Image-2024-12-27-at-09.11.54-150x150.jpeg 150w, https:\/\/elgallinerdelantiquari.net\/wp-content\/uploads\/2024\/12\/WhatsApp-Image-2024-12-27-at-09.11.54-768x768.jpeg 768w, https:\/\/elgallinerdelantiquari.net\/wp-content\/uploads\/2024\/12\/WhatsApp-Image-2024-12-27-at-09.11.54-1536x1536.jpeg 1536w, https:\/\/elgallinerdelantiquari.net\/wp-content\/uploads\/2024\/12\/WhatsApp-Image-2024-12-27-at-09.11.54.jpeg 1600w\" sizes=\"auto, (max-width: 1024px) 100vw, 1024px\" \/><span aria-hidden=\"true\" class=\"wp-block-cover__background has-theme-palette-3-background-color has-background-dim\"><\/span><div class=\"wp-block-cover__inner-container is-layout-constrained wp-block-cover-is-layout-constrained\">\n<p class=\"has-text-align-center has-larger-font-size\">Menu du groupe<\/p>\n<\/div><\/div>\n\n<h3 class=\"wp-block-heading has-text-align-center\">En-cas<\/h3>\n\n<p class=\"has-text-align-center\">Cr\u00eapes sal\u00e9es au fromage frais, saumon marin\u00e9 et son caviar.<\/p>\n\n<p class=\"has-text-align-center\">Croquette de jaune d&rsquo;\u0153uf sal\u00e9 avec un nuage de fromage de brebis et de truffe.<\/p>\n\n<hr class=\"wp-block-separator has-alpha-channel-opacity\"\/>\n\n<h3 class=\"wp-block-heading has-text-align-center\">Entr\u00e9es \u00e0 partager<\/h3>\n\n<p class=\"has-text-align-center\">Jambon ib\u00e9rique nourri \u00e0 100 % de glands.<\/p>\n\n<p class=\"has-text-align-center\">Pain Focaccia avec A.O.V.E. et flocons de sel.<\/p>\n\n<p class=\"has-text-align-center\">Mini burgers de b\u0153uf galicien grill\u00e9 avec mayonnaise au kimchi.<\/p>\n\n<p class=\"has-text-align-center\">Salade andalouse avec crevettes et caviar de b\u00e9luga.<\/p>\n\n<p class=\"has-text-align-center\">Artichauts grill\u00e9s au foie gras et au ma\u00efs souffl\u00e9 torreznos de Soria.<\/p>\n\n<hr class=\"wp-block-separator has-alpha-channel-opacity\"\/>\n\n<h3 class=\"wp-block-heading has-text-align-center\">Plats principaux au choix<\/h3>\n\n<p class=\"has-text-align-center\">Supr\u00eame de cabillaud de Saint-S\u00e9bastien confit dans une sauce aux moules et aux tomates cerises, avec du c\u00e9leri-rave cr\u00e9meux.<\/p>\n\n<p class=\"has-text-align-center\">Maxi XXL cannelloni de poulet fermier et foie gras au gratin avec sauce b\u00e9chamel truff\u00e9e et figues \u00e0 la cr\u00e8me.<\/p>\n\n<p class=\"has-text-align-center\">Joues d&rsquo;Angus avec patate douce cr\u00e9meuse et sauce demi-glace Pedro Xim\u00e9nez, avec prunes en sauce martini.<\/p>\n\n<p class=\"has-text-align-center\">Escalope de b\u0153uf de Galice grill\u00e9e avec mini pommes de terre \u00e0 la Robespierre et sauce du chef.<\/p>\n\n<hr class=\"wp-block-separator has-alpha-channel-opacity\"\/>\n\n<h3 class=\"wp-block-heading has-text-align-center\">Desserts au choix<\/h3>\n\n<p class=\"has-text-align-center\">G\u00e2teau au fromage \u00e0 la pistache du Galliner.<\/p>\n\n<p class=\"has-text-align-center\">Truffes de chocolat \u00e0 la Chartreuse.<\/p>\n\n<p class=\"has-text-align-center\">Tataki d&rsquo;ananas caram\u00e9lis\u00e9 avec glace \u00e0 la noix de coco.<\/p>\n\n<hr class=\"wp-block-separator has-alpha-channel-opacity\"\/>\n\n<h3 class=\"wp-block-heading has-text-align-center\">Cave \u00e0 boissons et \u00e0 vins<\/h3>\n\n<p class=\"has-text-align-center\">2 boissons par personne<br\/><em>(eau, boisson non alcoolis\u00e9e, bi\u00e8re, verre de vin ou verre de cava)<\/em><\/p>\n\n<p class=\"has-text-align-center\">Reforjat Blanco (D.O. Terra Alta) &#8211; Garnatxa et Macabeu blancs.<\/p>\n\n<p class=\"has-text-align-center\">Reforjat Tinto (D.O. Terra Alta) &#8211; Garnatxa negra.<\/p>\n\n<p class=\"has-text-align-center\">Clamor Ros\u00e9 (AOC Costers del Segre) &#8211; Garnatxa, Syrah, Tempranillo.<\/p>\n\n<p class=\"has-text-align-center\">Codorn\u00edu Brut Nature Ecol\u00f3gico (D.O. Cava) &#8211; Macabeu, Xarel-lo et Parellada.<\/p>\n\n<p class=\"has-text-align-center has-large-font-size\">45 \u20ac \/pers<\/p>\n","protected":false},"excerpt":{"rendered":"<p>En-cas Cr\u00eapes sal\u00e9es au fromage frais, saumon marin\u00e9 et son caviar. Croquette de jaune d&rsquo;\u0153uf sal\u00e9 avec un nuage de fromage de brebis et de truffe. Entr\u00e9es \u00e0 partager Jambon ib\u00e9rique nourri \u00e0 100 % de glands. Pain Focaccia avec A.O.V.E. et flocons de sel. Mini burgers de b\u0153uf galicien grill\u00e9 avec mayonnaise au kimchi&#8230;.<\/p>\n","protected":false},"author":1,"featured_media":0,"parent":0,"menu_order":0,"comment_status":"closed","ping_status":"closed","template":"","meta":{"_kad_post_transparent":"","_kad_post_title":"","_kad_post_layout":"","_kad_post_sidebar_id":"","_kad_post_content_style":"","_kad_post_vertical_padding":"","_kad_post_feature":"","_kad_post_feature_position":"","_kad_post_header":false,"_kad_post_footer":false,"_kad_post_classname":"","footnotes":""},"class_list":["post-1123","page","type-page","status-publish","hentry"],"_links":{"self":[{"href":"https:\/\/elgallinerdelantiquari.net\/fr\/wp-json\/wp\/v2\/pages\/1123","targetHints":{"allow":["GET"]}}],"collection":[{"href":"https:\/\/elgallinerdelantiquari.net\/fr\/wp-json\/wp\/v2\/pages"}],"about":[{"href":"https:\/\/elgallinerdelantiquari.net\/fr\/wp-json\/wp\/v2\/types\/page"}],"author":[{"embeddable":true,"href":"https:\/\/elgallinerdelantiquari.net\/fr\/wp-json\/wp\/v2\/users\/1"}],"replies":[{"embeddable":true,"href":"https:\/\/elgallinerdelantiquari.net\/fr\/wp-json\/wp\/v2\/comments?post=1123"}],"version-history":[{"count":1,"href":"https:\/\/elgallinerdelantiquari.net\/fr\/wp-json\/wp\/v2\/pages\/1123\/revisions"}],"predecessor-version":[{"id":1125,"href":"https:\/\/elgallinerdelantiquari.net\/fr\/wp-json\/wp\/v2\/pages\/1123\/revisions\/1125"}],"wp:attachment":[{"href":"https:\/\/elgallinerdelantiquari.net\/fr\/wp-json\/wp\/v2\/media?parent=1123"}],"curies":[{"name":"wp","href":"https:\/\/api.w.org\/{rel}","templated":true}]}}