{"id":1068,"date":"2024-12-19T12:20:42","date_gmt":"2024-12-19T11:20:42","guid":{"rendered":"https:\/\/elgallinerdelantiquari.net\/cider-house-steak-menu\/"},"modified":"2025-09-28T18:23:58","modified_gmt":"2025-09-28T16:23:58","slug":"cider-house-steak-menu","status":"publish","type":"page","link":"https:\/\/elgallinerdelantiquari.net\/fr\/cider-house-steak-menu\/","title":{"rendered":"CIDER HOUSE STEAK MENU"},"content":{"rendered":"\n<div class=\"wp-block-cover has-parallax\" style=\"min-height:426px;aspect-ratio:unset;\"><span aria-hidden=\"true\" class=\"wp-block-cover__background has-theme-palette-9-background-color has-background-dim-80 has-background-dim\"><\/span><div class=\"wp-block-cover__image-background wp-image-329 has-parallax\" style=\"background-position:50% 50%;background-image:url(https:\/\/elgallinerdelantiquari.net\/wp-content\/uploads\/2024\/12\/WhatsApp-Image-2024-12-27-at-08.49.43.jpeg)\"><\/div><div class=\"wp-block-cover__inner-container is-layout-constrained wp-block-cover-is-layout-constrained\">\n<p class=\"has-text-align-center\"><\/p>\n<\/div><\/div>\n\n<div class=\"wp-block-cover aligncenter has-theme-palette-3-color has-text-color has-link-color wp-elements-bc5f85277ba0189ce14adc3ae1b97ccc\"><span aria-hidden=\"true\" class=\"wp-block-cover__background has-theme-palette-9-background-color has-background-dim-90 has-background-dim\"><\/span><div class=\"wp-block-cover__inner-container is-layout-constrained wp-block-cover-is-layout-constrained\">\n<h2 class=\"wp-block-heading has-text-align-center has-theme-palette-2-color has-text-color has-link-color wp-elements-243f0fd43435b2f6736558e9c70a4553\">Menu du steak d&rsquo;aloyau<\/h2>\n\n\n\n<p class=\"has-text-align-center\"><em>MINIMUM 2 PERSONNES<\/em> <\/p>\n\n\n\n<p class=\"has-text-align-center has-large-font-size\"><em>Collations de bienvenue<\/em><\/p>\n\n\n\n<p class=\"has-text-align-center\">Croquettes de porc effiloch\u00e9 grill\u00e9 avec Mayo-Kimchi<\/p>\n\n\n\n<p class=\"has-text-align-center has-large-font-size\"><em>Entr\u00e9es \u00e0 partager<\/em><\/p>\n\n\n\n<p class=\"has-text-align-center\">Plateau mixte de jambon 100% ib\u00e9rique avec fromage<\/p>\n\n\n\n<p class=\"has-text-align-center\">Pain avec tomate et a\u00efoli<\/p>\n\n\n\n<p class=\"has-text-align-center\">Torreznos de Soria avec poivrons padr\u00f3n<\/p>\n\n\n\n<p class=\"has-text-align-center has-large-font-size\"><em>Secondes au choix <\/em>(minimum 2 personnes)<\/p>\n\n\n\n<p class=\"has-text-align-center\">Steak d&rsquo;aloyau 1kg de b\u0153uf de Galice grill\u00e9 30 jours avec frites naturelles Steak d&rsquo;aloyau matur\u00e9 Tataki riz \u00e0 la Galliner<\/p>\n\n\n\n<p class=\"has-text-align-center has-large-font-size\"><em>Desserts au choix<\/em><\/p>\n\n\n\n<p class=\"has-text-align-center\">G\u00e2teau au fromage avec crumble et baies<\/p>\n\n\n\n<p class=\"has-text-align-center\">Torrija brioch\u00e9e aux trois laits caram\u00e9lis\u00e9e avec glace au lait meringu\u00e9e<\/p>\n\n\n\n<hr class=\"wp-block-separator has-alpha-channel-opacity is-style-wide\"\/>\n\n\n\n<p class=\"has-text-align-center has-small-font-size\">Une bouteille de vin ou un pichet de sangria ou 2 boissons par personne (eau, soda ou bi\u00e8re).<\/p>\n\n\n\n<p class=\"has-text-align-center has-large-font-size\"><strong>45\u20ac<\/strong><\/p>\n\n\n\n<p class=\"has-text-align-center has-small-font-size\">P.p. TVA incluse<\/p>\n<\/div><\/div>\n\n<p class=\"has-text-align-center\"><strong>R\u00e9servez votre table \u00e0 l&rsquo;adresse<\/strong> suivante : <a href=\"tel:633092448\">633092448<\/a><\/p>\n\n<p><\/p>\n","protected":false},"excerpt":{"rendered":"<p>R\u00e9servez votre table \u00e0 l&rsquo;adresse suivante : 633092448<\/p>\n","protected":false},"author":1,"featured_media":0,"parent":0,"menu_order":0,"comment_status":"closed","ping_status":"closed","template":"","meta":{"_kad_post_transparent":"","_kad_post_title":"","_kad_post_layout":"","_kad_post_sidebar_id":"","_kad_post_content_style":"","_kad_post_vertical_padding":"","_kad_post_feature":"","_kad_post_feature_position":"","_kad_post_header":false,"_kad_post_footer":false,"_kad_post_classname":"","footnotes":""},"class_list":["post-1068","page","type-page","status-publish","hentry"],"_links":{"self":[{"href":"https:\/\/elgallinerdelantiquari.net\/fr\/wp-json\/wp\/v2\/pages\/1068","targetHints":{"allow":["GET"]}}],"collection":[{"href":"https:\/\/elgallinerdelantiquari.net\/fr\/wp-json\/wp\/v2\/pages"}],"about":[{"href":"https:\/\/elgallinerdelantiquari.net\/fr\/wp-json\/wp\/v2\/types\/page"}],"author":[{"embeddable":true,"href":"https:\/\/elgallinerdelantiquari.net\/fr\/wp-json\/wp\/v2\/users\/1"}],"replies":[{"embeddable":true,"href":"https:\/\/elgallinerdelantiquari.net\/fr\/wp-json\/wp\/v2\/comments?post=1068"}],"version-history":[{"count":1,"href":"https:\/\/elgallinerdelantiquari.net\/fr\/wp-json\/wp\/v2\/pages\/1068\/revisions"}],"predecessor-version":[{"id":1071,"href":"https:\/\/elgallinerdelantiquari.net\/fr\/wp-json\/wp\/v2\/pages\/1068\/revisions\/1071"}],"wp:attachment":[{"href":"https:\/\/elgallinerdelantiquari.net\/fr\/wp-json\/wp\/v2\/media?parent=1068"}],"curies":[{"name":"wp","href":"https:\/\/api.w.org\/{rel}","templated":true}]}}