{"id":1044,"date":"2024-12-21T12:23:28","date_gmt":"2024-12-21T11:23:28","guid":{"rendered":"https:\/\/elgallinerdelantiquari.net\/politique-de-remboursement\/"},"modified":"2025-08-21T12:22:43","modified_gmt":"2025-08-21T10:22:43","slug":"politique-de-remboursement","status":"publish","type":"page","link":"https:\/\/elgallinerdelantiquari.net\/fr\/politique-de-remboursement\/","title":{"rendered":"Politique de remboursement"},"content":{"rendered":"\n<p>La pr\u00e9sente politique de remboursement d\u00e9finit les conditions et modalit\u00e9s de demande de remboursement sur notre site web. Les termes \u00ab\u00a0nous\u00a0\u00bb ou \u00ab\u00a0notre\u00a0\u00bb ou \u00ab\u00a0le propri\u00e9taire\u00a0\u00bb d\u00e9signent le propri\u00e9taire du site web. <\/p>\n\n<ol class=\"wp-block-list\">\n<li><strong>Conditions pour les r\u00e9servations de 1 \u00e0 7 personnes :<\/strong>\n<ul class=\"wp-block-list\">\n<li>Vous pouvez annuler ou modifier la date de votre r\u00e9servation sans frais jusqu&rsquo;\u00e0 3 heures avant la r\u00e9servation.<\/li>\n\n\n\n<li>Si la r\u00e9servation est annul\u00e9e moins de 3 heures \u00e0 l&rsquo;avance, une p\u00e9nalit\u00e9 de <strong>10 euros par personne<\/strong> sera appliqu\u00e9e.<\/li>\n\n\n\n<li>Toute modification du nombre de convives doit \u00eatre communiqu\u00e9e <strong>3 heures avant la r\u00e9servation<\/strong>.<\/li>\n\n\n\n<li>La non-pr\u00e9sentation ou l&rsquo;arriv\u00e9e avec plus de 15 minutes de retard sans avis pr\u00e9alable sera consid\u00e9r\u00e9e comme une annulation apr\u00e8s le d\u00e9lai fix\u00e9, entra\u00eenant la perte de la r\u00e9servation et l&rsquo;application d&rsquo;une p\u00e9nalit\u00e9 de <strong>10 euros par personne.<\/strong><\/li>\n<\/ul>\n<\/li>\n\n\n\n<li><strong>Conditions pour les r\u00e9servations de groupe (plus de 7 personnes)<\/strong>:\n<ul class=\"wp-block-list\">\n<li>Vous pouvez annuler ou modifier la date de votre r\u00e9servation sans frais jusqu&rsquo;\u00e0 <strong>72 heures avant la r\u00e9servation<\/strong>.<\/li>\n\n\n\n<li>Pass\u00e9 ce d\u00e9lai, aucune modification ne sera possible.<\/li>\n\n\n\n<li>Toute modification du nombre de convives doit \u00eatre communiqu\u00e9e <strong>3 heures avant la r\u00e9servation<\/strong>.<\/li>\n\n\n\n<li>Pour les groupes dont le menu a \u00e9t\u00e9 convenu, les <strong>personnes qui ne se pr\u00e9sentent pas \u00e0 la derni\u00e8re minute<\/strong> se voient facturer <strong>50 % du prix du menu<\/strong>.<\/li>\n\n\n\n<li>La non-pr\u00e9sentation ou l&rsquo;arriv\u00e9e avec plus de 15 minutes de retard sans avis pr\u00e9alable sera consid\u00e9r\u00e9e comme une annulation apr\u00e8s le d\u00e9lai fix\u00e9, entra\u00eenant la perte de la r\u00e9servation et l&rsquo;application d&rsquo;une p\u00e9nalit\u00e9 \u00e9gale au montant total pay\u00e9 dans le cas d&rsquo;\u00e9v\u00e9nements pr\u00e9pay\u00e9s.<\/li>\n<\/ul>\n<\/li>\n\n\n\n<li><strong>Conditions pour les r\u00e9servations de ch\u00e8ques-cadeaux<\/strong>:\n<ul class=\"wp-block-list\">\n<li>Pour les r\u00e9servations de bons cadeaux, la non-participation sera consid\u00e9r\u00e9e comme l&rsquo;utilisation de la totalit\u00e9 du bon cadeau, ce qui entra\u00eenera la perte du droit de l&rsquo;utiliser pour des r\u00e9servations ult\u00e9rieures.<\/li>\n<\/ul>\n<\/li>\n\n\n\n<li><strong>Conditions d&rsquo;annulation des \u00e9v\u00e9nements et des r\u00e9servations avec acomptes<\/strong>:\n<ul class=\"wp-block-list\">\n<li>Vous pouvez annuler ou modifier la date de votre r\u00e9servation sans frais jusqu&rsquo;\u00e0 <strong>24 heures avant la r\u00e9servation<\/strong>.<\/li>\n\n\n\n<li>Pass\u00e9 ce d\u00e9lai, aucune modification ne sera possible.<\/li>\n\n\n\n<li>Toute modification du nombre de convives doit \u00eatre communiqu\u00e9e <strong>3 heures avant la r\u00e9servation<\/strong>.<\/li>\n\n\n\n<li>La non-pr\u00e9sentation ou l&rsquo;arriv\u00e9e avec plus de 15 minutes de retard sans avis pr\u00e9alable sera consid\u00e9r\u00e9e comme une annulation apr\u00e8s le d\u00e9lai fix\u00e9, entra\u00eenant la perte de la r\u00e9servation et l&rsquo;application d&rsquo;une p\u00e9nalit\u00e9 \u00e9gale au montant total pay\u00e9 dans le cas d&rsquo;\u00e9v\u00e9nements pr\u00e9pay\u00e9s.<\/li>\n<\/ul>\n<\/li>\n\n\n\n<li><strong>Validit\u00e9 des ch\u00e8ques-cadeaux<\/strong>:\n<ul class=\"wp-block-list\">\n<li>Les ch\u00e8ques-cadeaux sont valables <strong>6 mois<\/strong> \u00e0 compter de la date d&rsquo;achat.<\/li>\n\n\n\n<li>Si la r\u00e9servation est pr\u00e9sent\u00e9e ou annul\u00e9e avec un <strong>pr\u00e9avis de moins de 12 heures<\/strong>, le ch\u00e8que-cadeau sera consid\u00e9r\u00e9 comme utilis\u00e9.<\/li>\n<\/ul>\n<\/li>\n\n\n\n<li><strong>Modifications et annulations des achats<\/strong>:\n<ul class=\"wp-block-list\">\n<li>Pour toute modification ou annulation de l&rsquo;achat, vous disposez d&rsquo;un <strong>d\u00e9lai de 7 jours calendaires<\/strong> \u00e0 compter de la fin de l&rsquo;achat pour demander un remboursement.<\/li>\n\n\n\n<li>Nous nous r\u00e9servons le droit de modifier cette politique de remboursement afin de l&rsquo;adapter aux changements de l\u00e9gislation ou aux pratiques du secteur. Nous vous conseillons de consulter r\u00e9guli\u00e8rement cette page pour prendre connaissance des mises \u00e0 jour. <\/li>\n<\/ul>\n<\/li>\n\n\n\n<li><strong>\u00c2ge minimum de vente<\/strong>:\n<ul class=\"wp-block-list\">\n<li>La vente n&rsquo;est autoris\u00e9e qu&rsquo;aux adultes.<\/li>\n<\/ul>\n<\/li>\n\n\n\n<li><strong>Responsabilit\u00e9 du commerce<\/strong>:\n<ul class=\"wp-block-list\">\n<li>Le professionnel est responsable et conscient de la l\u00e9gislation en vigueur dans les pays vers lesquels il envoie les produits ou ex\u00e9cute les services.<\/li>\n<\/ul>\n<\/li>\n\n\n\n<li><strong>Acceptation des conditions par le titulaire de la carte<\/strong>:\n<ul class=\"wp-block-list\">\n<li>Le titulaire de la carte conna\u00eet et accepte les conditions fix\u00e9es par le commer\u00e7ant.<\/li>\n<\/ul>\n<\/li>\n<\/ol>\n","protected":false},"excerpt":{"rendered":"<p>La pr\u00e9sente politique de remboursement d\u00e9finit les conditions et modalit\u00e9s de demande de remboursement sur notre site web. Les termes \u00ab\u00a0nous\u00a0\u00bb ou \u00ab\u00a0notre\u00a0\u00bb ou \u00ab\u00a0le propri\u00e9taire\u00a0\u00bb d\u00e9signent le propri\u00e9taire du site web.<\/p>\n","protected":false},"author":1,"featured_media":0,"parent":0,"menu_order":0,"comment_status":"closed","ping_status":"closed","template":"","meta":{"_kad_post_transparent":"","_kad_post_title":"","_kad_post_layout":"","_kad_post_sidebar_id":"","_kad_post_content_style":"","_kad_post_vertical_padding":"","_kad_post_feature":"","_kad_post_feature_position":"","_kad_post_header":false,"_kad_post_footer":false,"_kad_post_classname":"","footnotes":""},"class_list":["post-1044","page","type-page","status-publish","hentry"],"_links":{"self":[{"href":"https:\/\/elgallinerdelantiquari.net\/fr\/wp-json\/wp\/v2\/pages\/1044","targetHints":{"allow":["GET"]}}],"collection":[{"href":"https:\/\/elgallinerdelantiquari.net\/fr\/wp-json\/wp\/v2\/pages"}],"about":[{"href":"https:\/\/elgallinerdelantiquari.net\/fr\/wp-json\/wp\/v2\/types\/page"}],"author":[{"embeddable":true,"href":"https:\/\/elgallinerdelantiquari.net\/fr\/wp-json\/wp\/v2\/users\/1"}],"replies":[{"embeddable":true,"href":"https:\/\/elgallinerdelantiquari.net\/fr\/wp-json\/wp\/v2\/comments?post=1044"}],"version-history":[{"count":1,"href":"https:\/\/elgallinerdelantiquari.net\/fr\/wp-json\/wp\/v2\/pages\/1044\/revisions"}],"predecessor-version":[{"id":1045,"href":"https:\/\/elgallinerdelantiquari.net\/fr\/wp-json\/wp\/v2\/pages\/1044\/revisions\/1045"}],"wp:attachment":[{"href":"https:\/\/elgallinerdelantiquari.net\/fr\/wp-json\/wp\/v2\/media?parent=1044"}],"curies":[{"name":"wp","href":"https:\/\/api.w.org\/{rel}","templated":true}]}}