{"id":1040,"date":"2024-12-18T16:07:28","date_gmt":"2024-12-18T15:07:28","guid":{"rendered":"https:\/\/elgallinerdelantiquari.net\/la-lettre\/"},"modified":"2025-08-21T12:36:20","modified_gmt":"2025-08-21T10:36:20","slug":"la-lettre","status":"publish","type":"page","link":"https:\/\/elgallinerdelantiquari.net\/fr\/la-lettre\/","title":{"rendered":"La lettre"},"content":{"rendered":"\n<div class=\"wp-block-cover is-light has-parallax\" style=\"min-height:100vh;aspect-ratio:unset;\"><span aria-hidden=\"true\" class=\"wp-block-cover__background has-background-dim-0 has-background-dim\" style=\"background-color:#ba9b76\"><\/span><div class=\"wp-block-cover__image-background wp-image-331 has-parallax\" style=\"background-position:50% 50%;background-image:url(https:\/\/elgallinerdelantiquari.net\/wp-content\/uploads\/2024\/12\/WhatsApp-Image-2024-12-27-at-08.51.07.jpeg)\"><\/div><div class=\"wp-block-cover__inner-container is-layout-constrained wp-block-cover-is-layout-constrained\">\n<h2 class=\"wp-block-heading alignwide has-text-align-center has-theme-palette-9-color has-text-color has-link-color has-large-font-size wp-elements-55b239d02ab36a800a304e3c0c8caf6d\">LA LETTRE<\/h2>\n\n\n\n<p class=\"has-text-align-center has-theme-palette-9-color has-text-color has-link-color has-medium-font-size wp-elements-36b5bfaf8e5bf82a22925a286824663e\">Bienvenue au Galliner de l&rsquo;Antiquari, d\u00e9couvrez le menu.  <\/p>\n<\/div><\/div>\n\n<div class=\"wp-block-cover aligncenter is-light carta\"><span aria-hidden=\"true\" class=\"wp-block-cover__background has-theme-palette-1-background-color has-background-dim-0 has-background-dim\"><\/span><div class=\"wp-block-cover__inner-container is-layout-constrained wp-block-cover-is-layout-constrained\">\n<div class=\"wp-block-columns is-layout-flex wp-container-core-columns-is-layout-9d6595d7 wp-block-columns-is-layout-flex\">\n<div class=\"wp-block-column is-layout-flow wp-block-column-is-layout-flow\">\n<div class=\"wp-block-cover aligncenter carta has-theme-palette-3-color has-text-color has-link-color wp-elements-964e8657acc96e988a8a4ef677baaedc\"><span aria-hidden=\"true\" class=\"wp-block-cover__background has-theme-palette-9-background-color has-background-dim-90 has-background-dim\"><\/span><div class=\"wp-block-cover__inner-container is-layout-constrained wp-block-cover-is-layout-constrained\">\n<h2 class=\"wp-block-heading has-text-align-left has-theme-palette-1-color has-text-color has-link-color has-large-font-size wp-elements-e5a716a0dd95e0ed0592705f9f421ac7\"><strong>Tapas del Galliner<\/strong><\/h2>\n\n\n\n<p>Anchois frais du march\u00e9 andalou et sauce tartare du Galliner.  <em>11,5 \u20ac<\/em><\/p>\n\n\n\n<p>Piments Padr\u00f3n.  <em>7,9 \u20ac<\/em><\/p>\n\n\n\n<p>Ailes de poulet \u00e0 la sauce BBQ.  <em>8,9 \u20ac<\/em><\/p>\n\n\n\n<p>Patatas bravas avec a\u00efoli et salsa brava del galliner.  <em>7,5 \u20ac<\/em><\/p>\n\n\n\n<p>Pommes de terre truff\u00e9es \u00e0 la truffe et au gruy\u00e8re.  <em>11,5 \u20ac<\/em><\/p>\n\n\n\n<p>Jambon ib\u00e9rique 100% nourri au gland, tranch\u00e9 \u00e0 la main.  <em>21,5 \u20ac<\/em><\/p>\n\n\n\n<p>Artichauts grill\u00e9s confits avec du jambon ib\u00e9rique croustillant.  <em>12,5 \u20ac<\/em><\/p>\n\n\n\n<p>Lingot de foie gras \u00e0 100% avec toasts et confitures.  <em>18 \u20ac<\/em><\/p>\n\n\n\n<p>Moules avec crevettes rouges et citron vert.  <em>22,5 \u20ac<\/em><\/p>\n\n\n\n<p>Moules \u00e0 la belge avec r\u00e9duction de poireaux confits \u00e0 la cr\u00e8me.  <em>15,5 \u20ac<\/em><\/p>\n\n\n\n<p>Moules cuites \u00e0 la vapeur avec mojito \u00e0 l&rsquo;ail, au citron vert et au persil.  <em>12,5 \u20ac<\/em><\/p>\n\n\n\n<p>Calamar tempura a la Romana avec a\u00efoli aux agrumes.  <em>15,9 \u20ac<\/em><\/p>\n\n\n\n<p>Crevettes \u00e0 l&rsquo;ail.  <em>14,9 \u20ac<\/em><\/p>\n\n\n\n<p>Torreznos de Soria avec des piments padr\u00f3n et des flocons de sel.  <em>11,5 \u20ac<\/em><\/p>\n\n\n\n<p>Pain Bao de canard \u00e0 basse temp\u00e9rature avec mayonnaise \u00e0 la mangue et kimchi (2 pi\u00e8ces).  <em>12 \u20ac<\/em><\/p>\n\n\n\n<p>Beignets de cabillaud au miel, au citron vert et au s\u00e9same (min 4 personnes).  <em>2,25 \u20ac\/u.<\/em><\/p>\n\n\n\n<p>Croquettes de jambon ib\u00e9rique (min 4 und).  <em>2,25 \u20ac\/u.<\/em><\/p>\n\n\n\n<p>Croquettes de porc effiloch\u00e9 (min 4 und).  <em>3 \u20ac\/u.<\/em><\/p>\n\n\n\n<p>Croquettes de champignons (min 4 und).  <em>2,25 \u20ac\/u.<\/em><\/p>\n\n\n\n<p>Pain de verre avec tomate.  <em>3,9 \u20ac<\/em><\/p>\n\n\n\n<p>Pain Focaccia avec A.O.V.E. et flocons de sel.  <em>3,9 \u20ac<\/em><\/p>\n\n\n\n<p>Mini hamburger de b\u0153uf galicien grill\u00e9 avec mayo-kimchi.  <em>12 \u20ac<\/em><\/p>\n\n\n\n<p>Boudin de Burgos avec confiture de tomates et petits calmars croustillants.  <em>12,9 \u20ac<\/em><\/p>\n\n\n\n<p>\u0152ufs brouill\u00e9s avec du jambon 100% ib\u00e9rique.  <em>15,5 \u20ac<\/em><\/p>\n\n\n\n<p>\u0152ufs brouill\u00e9s \u00e0 la truffe et au foie.  <em>15,5 \u20ac<\/em><\/p>\n\n\n\n<p>\u0152ufs brouill\u00e9s avec artichauts et jambon ib\u00e9rique croustillant.  <em>15,5 \u20ac<\/em><\/p>\n\n\n\n<p>\u0152ufs brouill\u00e9s avec du jambon 100% ib\u00e9rique et du foie gras.  <em>18,5 \u20ac<\/em><\/p>\n<\/div><\/div>\n<\/div>\n\n\n\n<div class=\"wp-block-column is-layout-flow wp-block-column-is-layout-flow\">\n<div class=\"wp-block-cover aligncenter carta has-theme-palette-3-color has-text-color has-link-color wp-elements-cc3c46767ae93fe6214b9904ad4225ac\"><span aria-hidden=\"true\" class=\"wp-block-cover__background has-theme-palette-9-background-color has-background-dim-90 has-background-dim\"><\/span><div class=\"wp-block-cover__inner-container is-layout-constrained wp-block-cover-is-layout-constrained\">\n<h2 class=\"wp-block-heading has-text-align-left has-theme-palette-1-color has-text-color has-link-color has-large-font-size wp-elements-cf59d2e04f58f0e85d6eafc55db76c98\"><strong>D\u00e9butants<\/strong> <\/h2>\n\n\n\n<p>Plateau de fromages artisanaux <em>\u20ac18,5<\/em><\/p>\n\n\n\n<p>Carpaccio d&rsquo;Angus avec roquette, copeaux de parmesan et tomates cerises.  <em>15,5 \u20ac<\/em><\/p>\n\n\n\n<p>Carpaccio de crevettes avec caviar d&rsquo;ail noir et mayonnaise au wasabi.  <em>17,9 \u20ac<\/em><\/p>\n\n\n\n<p>Tartare de saumon marin\u00e9 avec mangue et avocat.  <em>17,9 \u20ac<\/em><\/p>\n\n\n\n<p>Salade tricolore avec avocat, tomate et mozzarella de buffle.  <em>14,9 \u20ac<\/em><\/p>\n\n\n\n<p>Salade de fromage de ch\u00e8vre chaud avec noix et vinaigrette balsamique aux framboises.  <em>12,5 \u20ac<\/em><\/p>\n\n\n\n<p>Burrata avec tomates cerises confites, vinaigrette \u00e0 la pistache et basilic.  <em>16 \u20ac<\/em><\/p>\n\n\n\n<p>Camembert gratin\u00e9 aux noix et vinaigrette balsamique aux framboises.  <em>11,5 \u20ac<\/em><\/p>\n\n\n\n<p>Saumon marin\u00e9 avec mascarpone cr\u00e9meux et pain grill\u00e9.  <em>19,5 \u20ac<\/em><\/p>\n\n\n\n<p>Mariage d&rsquo;anchois et d&rsquo;anchois.  <em>13 \u20ac<\/em><\/p>\n\n\n\n<p>Gazpacho andalou avec copeaux de jambon croustillants et \u0153uf dur r\u00e2p\u00e9.  <em>9,5 \u20ac<\/em><\/p>\n\n\n\n<h2 class=\"wp-block-heading has-text-align-left has-theme-palette-1-color has-text-color has-link-color has-large-font-size wp-elements-506d4d4b41b5182a853103aa3345ee8c\"><strong>Principal<\/strong><\/h2>\n\n\n\n<p>Maxi cannelloni de canard confit \u00e0 la truffe et gratin de foie gras au gruy\u00e8re.  <em>18,5 \u20ac<\/em><\/p>\n\n\n\n<p>Morue de Saint-S\u00e9bastien gratin\u00e9e \u00e0 la mousseline de pistaches.  <em>22 \u20ac<\/em><\/p>\n\n\n\n<p>Cuisse de poulpe grill\u00e9e avec cr\u00e8me de pommes de terre.  <em>24 \u20ac<\/em><\/p>\n\n\n\n<p>Steak d&rsquo;aloyau grill\u00e9 en tataki (400 gr).  <em>23 \u20ac<\/em><\/p>\n\n\n\n<p>1 kg de filet de b\u0153uf galicien grill\u00e9 sur une pierre chaude.  <em>66 \u20ac<\/em><\/p>\n\n\n\n<p>T-bone grill\u00e9 en tataki sur une pierre chaude.  <em>48 \u20ac<\/em><\/p>\n\n\n\n<p>Filet de b\u0153uf grill\u00e9 avec foie gras et pommes de terre \u00e0 la cr\u00e8me.  <em>28 \u20ac<\/em><\/p>\n\n\n\n<p>Cuisse et jambe de poulet grill\u00e9es, d\u00e9soss\u00e9es et marin\u00e9es.  <em>15,5 \u20ac<\/em><\/p>\n<\/div><\/div>\n<\/div>\n<\/div>\n<\/div><\/div>\n\n<div class=\"wp-block-cover aligncenter is-light carta\"><span aria-hidden=\"true\" class=\"wp-block-cover__background has-theme-palette-1-background-color has-background-dim-0 has-background-dim\"><\/span><div class=\"wp-block-cover__inner-container is-layout-constrained wp-block-cover-is-layout-constrained\">\n<div class=\"wp-block-columns is-layout-flex wp-container-core-columns-is-layout-9d6595d7 wp-block-columns-is-layout-flex\">\n<div class=\"wp-block-column is-layout-flow wp-block-column-is-layout-flow\">\n<div class=\"wp-block-cover aligncenter carta has-theme-palette-3-color has-text-color has-link-color wp-elements-ba59f1150c89344f6fe80167d29af6fe\"><span aria-hidden=\"true\" class=\"wp-block-cover__background has-theme-palette-9-background-color has-background-dim-90 has-background-dim\"><\/span><div class=\"wp-block-cover__inner-container is-layout-constrained wp-block-cover-is-layout-constrained\">\n<h2 class=\"wp-block-heading has-text-align-left has-theme-palette-1-color has-text-color has-link-color has-large-font-size wp-elements-90d6be3124ae932421fef10e07b35136\"><strong>Riz<\/strong><\/h2>\n\n\n\n<p>Steak d&rsquo;aloyau de Galice, riz en tataki, \u00e0 la mani\u00e8re d&rsquo;un poulailler.  <em>26 \u20ac<\/em><\/p>\n\n\n\n<p>Riz au poulpe avec artichauts grill\u00e9s et sauce romesco.  <em>23,5 \u20ac<\/em><\/p>\n\n\n\n<p>Riz aux crevettes rouges de Tarragone et noix de Saint-Jacques grill\u00e9es.  <em>22,5 \u20ac<\/em><\/p>\n\n\n\n<p>Riz noir avec petits calamars et crevettes rouges de Tarragone.  <em>22,5 \u20ac<\/em><\/p>\n\n\n\n<p>Riz v\u00e9g\u00e9talien avec l\u00e9gumes de saison et artichauts grill\u00e9s.  <em>19 \u20ac<\/em><\/p>\n\n\n\n<h2 class=\"wp-block-heading has-text-align-left has-theme-palette-1-color has-text-color has-link-color has-large-font-size wp-elements-4e86d476bca1c1fa4fddf5638f8bc1ed\"><strong>Garnitures<\/strong><\/h2>\n\n\n\n<p><strong>\u00c9pis de ma\u00efs grill\u00e9s <em>4 \u20ac 4<\/em><\/strong><\/p>\n\n\n\n<p><strong>Pot\u00e9e au caliu <em>4 \u20ac 4<\/em><\/strong><\/p>\n\n\n\n<p><strong>Croustilles naturelles <em>4 \u20ac 4<\/em><\/strong><\/p>\n\n\n\n<p><strong>L\u00e9gumes au teriyaki <em>4 \u20ac 4<\/em><\/strong><\/p>\n\n\n\n<p><strong>Poivrons de Padr\u00f3n <em>4 \u20ac 4<\/em><\/strong><\/p>\n\n\n\n<h2 class=\"wp-block-heading has-text-align-left has-theme-palette-1-color has-text-color has-link-color has-large-font-size wp-elements-04a7b1b51d858be9e03cffae1b56eac7\"><strong>Sauces<\/strong><\/h2>\n\n\n\n<p><strong>\u00c9pis de ma\u00efs grill\u00e9s <em>4 \u20ac 4<\/em><\/strong><\/p>\n\n\n\n<p><strong>Pot\u00e9e au caliu <em>4 \u20ac 4<\/em><\/strong><\/p>\n\n\n\n<p><strong>Croustilles naturelles <em>4 \u20ac 4<\/em><\/strong><\/p>\n\n\n\n<p><strong>L\u00e9gumes au teriyaki <em>4 \u20ac 4<\/em><\/strong><\/p>\n\n\n\n<p><strong>Poivrons de Padr\u00f3n <em>4 \u20ac 4<\/em><\/strong><\/p>\n<\/div><\/div>\n<\/div>\n\n\n\n<div class=\"wp-block-column is-layout-flow wp-block-column-is-layout-flow\">\n<div class=\"wp-block-cover aligncenter carta has-theme-palette-3-color has-text-color has-link-color wp-elements-b6c88a320824370bdddfe95ac30ae42f\"><span aria-hidden=\"true\" class=\"wp-block-cover__background has-theme-palette-9-background-color has-background-dim-90 has-background-dim\"><\/span><div class=\"wp-block-cover__inner-container is-layout-constrained wp-block-cover-is-layout-constrained\">\n<h2 class=\"wp-block-heading has-text-align-left has-theme-palette-1-color has-text-color has-link-color has-large-font-size wp-elements-b70abd74ece2c2afd96d42a793c5ca41\"><strong>Desserts<\/strong><\/h2>\n\n\n\n<p>Torrija de pain brioch\u00e9 caram\u00e9lis\u00e9 avec nougat et glace \u00e0 la cannelle.  <em>6,5 \u20ac<\/em><\/p>\n\n\n\n<p>Un cheesecake cr\u00e9meux \u00e0 la Galliner.  <em>6,5 \u20ac<\/em><\/p>\n\n\n\n<p>Coulant au chocolat avec glace \u00e0 la vanille de Madagascar.  <em>6,5 \u20ac<\/em><\/p>\n\n\n\n<p>Plateau de fromages artisanaux.  <em>18,5 \u20ac<\/em><\/p>\n\n\n\n<p>\u00ab\u00a0Un \u0153uf \u00e0 la vanille et au chocolat blanc avec un jaune de mangue et de fruit de la passion dans une sauce Worcestershire.   <em>10 \u20ac<\/em><\/p>\n\n\n\n<p>Ananas grill\u00e9 caram\u00e9lis\u00e9 avec glace tropicale \u00e0 la noix de coco.  <em>6,5 \u20ac<\/em><\/p>\n\n\n\n<p>Glace \u00e0 la boule. Boule \u00e0 <em>3 \u20ac.<\/em> <\/p>\n\n\n\n<p class=\"has-small-font-size\">Chocolat \/ vanille \/ nougat \/ noix de coco<\/p>\n\n\n\n<p>Sorbet au citron avec du cava.  <em>4,5 \u20ac<\/em><\/p>\n<\/div><\/div>\n<\/div>\n<\/div>\n<\/div><\/div>\n","protected":false},"excerpt":{"rendered":"","protected":false},"author":1,"featured_media":0,"parent":0,"menu_order":0,"comment_status":"closed","ping_status":"closed","template":"","meta":{"_kad_post_transparent":"","_kad_post_title":"","_kad_post_layout":"","_kad_post_sidebar_id":"","_kad_post_content_style":"","_kad_post_vertical_padding":"","_kad_post_feature":"","_kad_post_feature_position":"","_kad_post_header":false,"_kad_post_footer":false,"_kad_post_classname":"","footnotes":""},"class_list":["post-1040","page","type-page","status-publish","hentry"],"_links":{"self":[{"href":"https:\/\/elgallinerdelantiquari.net\/fr\/wp-json\/wp\/v2\/pages\/1040","targetHints":{"allow":["GET"]}}],"collection":[{"href":"https:\/\/elgallinerdelantiquari.net\/fr\/wp-json\/wp\/v2\/pages"}],"about":[{"href":"https:\/\/elgallinerdelantiquari.net\/fr\/wp-json\/wp\/v2\/types\/page"}],"author":[{"embeddable":true,"href":"https:\/\/elgallinerdelantiquari.net\/fr\/wp-json\/wp\/v2\/users\/1"}],"replies":[{"embeddable":true,"href":"https:\/\/elgallinerdelantiquari.net\/fr\/wp-json\/wp\/v2\/comments?post=1040"}],"version-history":[{"count":2,"href":"https:\/\/elgallinerdelantiquari.net\/fr\/wp-json\/wp\/v2\/pages\/1040\/revisions"}],"predecessor-version":[{"id":1065,"href":"https:\/\/elgallinerdelantiquari.net\/fr\/wp-json\/wp\/v2\/pages\/1040\/revisions\/1065"}],"wp:attachment":[{"href":"https:\/\/elgallinerdelantiquari.net\/fr\/wp-json\/wp\/v2\/media?parent=1040"}],"curies":[{"name":"wp","href":"https:\/\/api.w.org\/{rel}","templated":true}]}}