{"id":1038,"date":"2025-02-09T21:15:57","date_gmt":"2025-02-09T20:15:57","guid":{"rendered":"https:\/\/elgallinerdelantiquari.net\/menu-calcotada\/"},"modified":"2025-08-21T12:21:50","modified_gmt":"2025-08-21T10:21:50","slug":"menu-calcotada","status":"publish","type":"page","link":"https:\/\/elgallinerdelantiquari.net\/fr\/menu-calcotada\/","title":{"rendered":"Menu Cal\u00e7otada"},"content":{"rendered":"\n<p class=\"has-text-align-center\"><\/p>\n\n<p class=\"has-text-align-center\">Croquette de porc effiloch\u00e9 avec mayonnaise au kimchi.<\/p>\n\n<p class=\"has-text-align-center\">Pain paysan avec tomate, A.O.V.E. et a\u00efoli.<\/p>\n\n<p class=\"has-text-align-center\"><\/p>\n\n<p class=\"has-text-align-center\">Cal\u00e7ots avec sauce romesco.<\/p>\n\n<p class=\"has-text-align-center\">Viandes grill\u00e9es : Longaniza de pay\u00e9s, saucisse noire, chorizo, bacon et agneau.<\/p>\n\n<p class=\"has-text-align-center\">Potata al caliu &#8211; Artichaut grill\u00e9 &#8211; Haricots blancs saut\u00e9s.<\/p>\n\n<p class=\"has-text-align-center\"><strong>Dessert<\/strong><\/p>\n\n<p class=\"has-text-align-center\">Verre d&rsquo;orange avec cr\u00e8me br\u00fbl\u00e9e caram\u00e9lis\u00e9e.<\/p>\n\n<p class=\"has-text-align-center\"><strong>Vignobles<\/strong><\/p>\n\n<p class=\"has-text-align-center\">Clot d&rsquo;enc\u00eds Noir (D.O. Terra Alta)<\/p>\n\n<p class=\"has-text-align-center\">Clot d&rsquo;enc\u00eds Blanc (D.O. Terra Alta)<\/p>\n\n<p class=\"has-text-align-center\">Clot d&rsquo;enc\u00eds Ros\u00e9 (D.O. Terra Alta)<\/p>\n\n<p class=\"has-text-align-center\">Cava Grimau (D.O. Cava)  <\/p>\n\n<p class=\"has-text-align-center\"><strong>Deux boissons par personne (eau, vin, cava, bi\u00e8re et boisson non alcoolis\u00e9e).<\/strong><\/p>\n\n<p class=\"has-text-align-center has-larger-font-size\"><strong>45 \u20ac  <\/strong><\/p>\n\n<p class=\"has-text-align-center\">p.p.p. TVA incluse<\/p>\n\n<p style=\"border-style:none;border-width:0px\"><\/p>\n\n<p><\/p>\n","protected":false},"excerpt":{"rendered":"<p>Croquette de porc effiloch\u00e9 avec mayonnaise au kimchi. Pain paysan avec tomate, A.O.V.E. et a\u00efoli. Cal\u00e7ots avec sauce romesco. Viandes grill\u00e9es : Longaniza de pay\u00e9s, saucisse noire, chorizo, bacon et agneau. Potata al caliu &#8211; Artichaut grill\u00e9 &#8211; Haricots blancs saut\u00e9s. Dessert Verre d&rsquo;orange avec cr\u00e8me br\u00fbl\u00e9e caram\u00e9lis\u00e9e. Vignobles Clot d&rsquo;enc\u00eds Noir (D.O. Terra Alta)&#8230;<\/p>\n","protected":false},"author":2,"featured_media":0,"parent":0,"menu_order":0,"comment_status":"closed","ping_status":"closed","template":"","meta":{"_kad_post_transparent":"","_kad_post_title":"","_kad_post_layout":"","_kad_post_sidebar_id":"","_kad_post_content_style":"","_kad_post_vertical_padding":"","_kad_post_feature":"","_kad_post_feature_position":"","_kad_post_header":false,"_kad_post_footer":false,"_kad_post_classname":"","footnotes":""},"class_list":["post-1038","page","type-page","status-publish","hentry"],"_links":{"self":[{"href":"https:\/\/elgallinerdelantiquari.net\/fr\/wp-json\/wp\/v2\/pages\/1038","targetHints":{"allow":["GET"]}}],"collection":[{"href":"https:\/\/elgallinerdelantiquari.net\/fr\/wp-json\/wp\/v2\/pages"}],"about":[{"href":"https:\/\/elgallinerdelantiquari.net\/fr\/wp-json\/wp\/v2\/types\/page"}],"author":[{"embeddable":true,"href":"https:\/\/elgallinerdelantiquari.net\/fr\/wp-json\/wp\/v2\/users\/2"}],"replies":[{"embeddable":true,"href":"https:\/\/elgallinerdelantiquari.net\/fr\/wp-json\/wp\/v2\/comments?post=1038"}],"version-history":[{"count":1,"href":"https:\/\/elgallinerdelantiquari.net\/fr\/wp-json\/wp\/v2\/pages\/1038\/revisions"}],"predecessor-version":[{"id":1039,"href":"https:\/\/elgallinerdelantiquari.net\/fr\/wp-json\/wp\/v2\/pages\/1038\/revisions\/1039"}],"wp:attachment":[{"href":"https:\/\/elgallinerdelantiquari.net\/fr\/wp-json\/wp\/v2\/media?parent=1038"}],"curies":[{"name":"wp","href":"https:\/\/api.w.org\/{rel}","templated":true}]}}