{"id":1030,"date":"2024-12-19T08:00:35","date_gmt":"2024-12-19T07:00:35","guid":{"rendered":"https:\/\/elgallinerdelantiquari.net\/menu-dejeuner\/"},"modified":"2026-04-03T10:08:45","modified_gmt":"2026-04-03T08:08:45","slug":"menu-dejeuner","status":"publish","type":"page","link":"https:\/\/elgallinerdelantiquari.net\/fr\/menu-dejeuner\/","title":{"rendered":"Menu d\u00e9jeuner"},"content":{"rendered":"\n<p><\/p>\n\n<div class=\"wp-block-cover is-light has-parallax\" style=\"min-height:100vh;aspect-ratio:unset;\"><div class=\"wp-block-cover__image-background wp-image-333 has-parallax\" style=\"background-position:50% 50%;background-image:url(https:\/\/elgallinerdelantiquari.net\/wp-content\/uploads\/2024\/12\/WhatsApp-Image-2024-12-27-at-08.52.02.jpeg)\"><\/div><span aria-hidden=\"true\" class=\"wp-block-cover__background has-background-dim-0 has-background-dim\" style=\"background-color:#9a876f\"><\/span><div class=\"wp-block-cover__inner-container is-layout-constrained wp-block-cover-is-layout-constrained\">\n<h2 class=\"wp-block-heading alignwide has-text-align-center has-theme-palette-9-color has-text-color has-link-color has-large-font-size wp-elements-9606880d25a7e0902abf2182b0c917fe\">MENU GALLINER<\/h2>\n\n\n\n<p class=\"has-text-align-center has-theme-palette-9-color has-text-color has-link-color has-medium-font-size wp-elements-4941569dc077fdf7cd32c8d854921d20\">D\u00e9couvrez notre menu du jour<\/p>\n<\/div><\/div>\n\n<div class=\"wp-block-cover aligncenter carta has-theme-palette-3-color has-text-color has-link-color wp-elements-01f20f015ab09a0d46e24cdc91fe6abb\"><span aria-hidden=\"true\" class=\"wp-block-cover__background has-theme-palette-9-background-color has-background-dim-90 has-background-dim\"><\/span><div class=\"wp-block-cover__inner-container is-layout-constrained wp-block-cover-is-layout-constrained\">\n<p class=\"has-text-align-center has-large-font-size\"><strong style=\"font-weight: bold;\">MENU<\/strong> <strong>DU JOUR<\/strong><\/p>\n\n\n\n<h2 class=\"wp-block-heading has-text-align-center has-theme-palette-2-color has-text-color has-link-color wp-elements-7ecaba94f550ec555ab87eebeb7c8ee6\">        <strong>PREMIER \u00c0 CHOISIR<\/strong><\/h2>\n\n\n\n<p class=\"has-text-align-center\">Moules Delta \u00e0 la belge avec poireaux confits dans une r\u00e9duction de cr\u00e8me de lait.  <\/p>\n\n\n\n<p class=\"has-text-align-center\">Beignets de cabillaud faits maison avec notre sauce tartare.  <\/p>\n\n\n\n<p class=\"has-text-align-center\">Salade de style andalou avec crevettes, crabe et caviar de saumon.  <\/p>\n\n\n\n<p class=\"has-text-align-center\">Cr\u00e8me de gal\u00e8res de Cambrils avec crevettes rouges et garniture.  <\/p>\n\n\n\n<h2 class=\"wp-block-heading has-text-align-center has-theme-palette-2-color has-text-color has-link-color wp-elements-5f9add1262fa6d17b49c757f00f8fe58\"><strong><strong>PRINCIPAL \u00c0 CHOISIR<\/strong><\/strong><\/h2>\n\n\n\n<p class=\"has-text-align-center\">Paella aux fruits de mer avec crevettes rouges et seiches  <\/p>\n\n\n\n<p class=\"has-text-align-center\">  (Min 2 pax )<\/p>\n\n\n\n<p class=\"has-text-align-center\">Morue de Saint-S\u00e9bastien gratin\u00e9e \u00e0 la mousseline de pistache sur un lit de pommes de terre cuites au four.  <\/p>\n\n\n\n<p class=\"has-text-align-center\">Maxi cannelloni de canard au gratin avec b\u00e9chamel truff\u00e9e, fromage Gruyerre et confiture de figues.  <\/p>\n\n\n\n<p class=\"has-text-align-center\">Jarret de Duroc \u00e0 basse temp\u00e9rature sur palmentier de pommes de terre glac\u00e9 avec demi-glace au miel et \u00e0 la moutarde.<\/p>\n\n\n\n<h2 class=\"wp-block-heading has-text-align-center has-theme-palette-2-color has-text-color has-link-color wp-elements-b03ef3600fad153a3b95807f0712ba02\">CHOIX DU DESSERT<\/h2>\n\n\n\n<p class=\"has-text-align-center\">G\u00e2teau Sacher pour les amateurs de chocolat .  <\/p>\n\n\n\n<p class=\"has-text-align-center\">Etton-Mess de fraises de Huelva avec de la cr\u00e8me de mascarpone et des meringues croquantes.  <\/p>\n\n\n\n<p class=\"has-text-align-center\">G\u00e2teau au fromage avec coulis de framboises sauvages  <\/p>\n\n\n\n<hr class=\"wp-block-separator has-alpha-channel-opacity is-style-wide\"\/>\n\n\n\n<p class=\"has-text-align-center has-small-font-size\">Pain et boisson au choix : Eau, eau gazeuse, bi\u00e8re, verre de vin ou verre de cava.<\/p>\n\n\n\n<p class=\"has-text-align-center has-theme-palette-2-color has-text-color has-link-color wp-elements-a58a57f8af54651c74659cebd8be9dfb\">35 \u20ac<\/p>\n\n\n\n<p class=\"has-text-align-center has-small-font-size\">p.p.p. TVA incluse<\/p>\n<\/div><\/div>\n","protected":false},"excerpt":{"rendered":"","protected":false},"author":1,"featured_media":0,"parent":0,"menu_order":0,"comment_status":"closed","ping_status":"closed","template":"","meta":{"_kad_post_transparent":"","_kad_post_title":"","_kad_post_layout":"","_kad_post_sidebar_id":"","_kad_post_content_style":"","_kad_post_vertical_padding":"","_kad_post_feature":"","_kad_post_feature_position":"","_kad_post_header":false,"_kad_post_footer":false,"_kad_post_classname":"","footnotes":""},"class_list":["post-1030","page","type-page","status-publish","hentry"],"_links":{"self":[{"href":"https:\/\/elgallinerdelantiquari.net\/fr\/wp-json\/wp\/v2\/pages\/1030","targetHints":{"allow":["GET"]}}],"collection":[{"href":"https:\/\/elgallinerdelantiquari.net\/fr\/wp-json\/wp\/v2\/pages"}],"about":[{"href":"https:\/\/elgallinerdelantiquari.net\/fr\/wp-json\/wp\/v2\/types\/page"}],"author":[{"embeddable":true,"href":"https:\/\/elgallinerdelantiquari.net\/fr\/wp-json\/wp\/v2\/users\/1"}],"replies":[{"embeddable":true,"href":"https:\/\/elgallinerdelantiquari.net\/fr\/wp-json\/wp\/v2\/comments?post=1030"}],"version-history":[{"count":2,"href":"https:\/\/elgallinerdelantiquari.net\/fr\/wp-json\/wp\/v2\/pages\/1030\/revisions"}],"predecessor-version":[{"id":1138,"href":"https:\/\/elgallinerdelantiquari.net\/fr\/wp-json\/wp\/v2\/pages\/1030\/revisions\/1138"}],"wp:attachment":[{"href":"https:\/\/elgallinerdelantiquari.net\/fr\/wp-json\/wp\/v2\/media?parent=1030"}],"curies":[{"name":"wp","href":"https:\/\/api.w.org\/{rel}","templated":true}]}}