{"id":1027,"date":"2024-12-18T16:07:36","date_gmt":"2024-12-18T15:07:36","guid":{"rendered":"https:\/\/elgallinerdelantiquari.net\/vignobles\/"},"modified":"2025-08-21T12:46:12","modified_gmt":"2025-08-21T10:46:12","slug":"vignobles","status":"publish","type":"page","link":"https:\/\/elgallinerdelantiquari.net\/fr\/vignobles\/","title":{"rendered":"Vignobles"},"content":{"rendered":"\n<div class=\"wp-block-cover has-parallax\" style=\"min-height:100vh;aspect-ratio:unset;\"><span aria-hidden=\"true\" class=\"wp-block-cover__background has-background-dim-0 has-background-dim\" style=\"background-color:#2c2320\"><\/span><div class=\"wp-block-cover__image-background wp-image-160 has-parallax\" style=\"background-position:50% 50%;background-image:url(https:\/\/elgallinerdelantiquari.net\/wp-content\/uploads\/2024\/12\/kashtany-vino-eda-scaled.jpg)\"><\/div><div class=\"wp-block-cover__inner-container is-layout-constrained wp-block-cover-is-layout-constrained\">\n<h2 class=\"wp-block-heading alignwide has-text-align-center has-theme-palette-9-color has-text-color has-link-color has-large-font-size wp-elements-9dae3eaa870830625bf5a0cf4dc1419e\">LE VIGNOBLE<\/h2>\n\n\n\n<p class=\"has-text-align-center has-theme-palette-9-color has-text-color has-link-color has-medium-font-size wp-elements-181860414d921a4b02ebbb915fdd4a8c\">Accompagnez votre choix de plats avec notre s\u00e9lection de vins.<\/p>\n<\/div><\/div>\n\n<div class=\"wp-block-cover aligncenter carta has-theme-palette-3-color has-text-color has-link-color wp-elements-f027ed3b9c2c4993045f60d5a9c26587\"><span aria-hidden=\"true\" class=\"wp-block-cover__background has-theme-palette-9-background-color has-background-dim-90 has-background-dim\"><\/span><div class=\"wp-block-cover__inner-container is-layout-constrained wp-block-cover-is-layout-constrained\">\n<p class=\"has-text-align-left has-large-font-size\">TINTOS<\/p>\n\n\n\n<p>Reforjat Tinto (Terra Alta) &#8211; Garnatxa Negra <em>3,50 \u20ac<\/em> <em>14,90 \u20ac 14,90<\/em><\/p>\n\n\n\n<p>Santes (Montsant) &#8211; Garnatxa Negra, Merlot, Tempranillo, Cabernet Sauvignon <em>4,00 \u20ac<\/em> <em>20,50 \u20ac 20,50<\/em><\/p>\n\n\n\n<p>Vi\u00f1a Pomal Crianza (Rioja) &#8211; Tempranillo <em>4,50 \u20ac<\/em> <em>17,50 \u20ac 17,50<\/em><\/p>\n\n\n\n<p>Legaris Roble (Ribera del Duero) &#8211; Tinto Fino <em>5 \u20ac<\/em> <em>18,50 \u20ac 18,50<\/em><\/p>\n\n\n\n<p>Clamor Tinto (Costers del Segre) &#8211; Garnatxa Negra, Syrah, Cabernet Sauvignon, Tempranillo <em>&#8211;<\/em> <em>\u20ac16,90<\/em><\/p>\n\n\n\n<p>El Pispa (Montsant) &#8211; Garnatxa Negra <em>&#8211;<\/em> <em>\u20ac22,90<\/em><\/p>\n\n\n\n<p>Cap de Pera (Montsant) &#8211; Garnatxa Negra, Sams\u00f3, Syrah, Merlot, Tempranillo <em>&#8211;<\/em> <em>\u20ac17,90<\/em><\/p>\n\n\n\n<p>Perlat (Montsant) &#8211; Garnatxa Negra <em>&#8211;<\/em> <em>\u20ac24,90<\/em><\/p>\n\n\n\n<p>Bruberry (Montsant) &#8211; Garnatxa Negra <em>&#8211;<\/em> <em>\u20ac19,90<\/em><\/p>\n\n\n\n<p>Intramurs (Conca de Barber\u00e0) &#8211; Ull de llebre, Syrah <em>&#8211;<\/em> <em>\u20ac21,90<\/em><\/p>\n\n\n\n<p>Scala del Prior (Priorat) &#8211; Garnatxa Negra, Cabernet Sauvignon, Syrah, Carinyena <em>&#8211;<\/em> <em>37,50 \u20ac &#8211; 37,50<\/em><\/p>\n\n\n\n<p>Pissarres (Priorat) &#8211; Garnatxa Negra, Carinyena, Cabernet Sauvignon <em>&#8211;<\/em> <em>\u20ac23,90<\/em><\/p>\n\n\n\n<p>La Vicalanda Vi\u00f1as Viejas (Rioja) &#8211; Tempranillo <em>&#8211;<\/em> <em>\u20ac26,90<\/em><\/p>\n\n\n\n<p>P\u00e1ramos (Ribera del Duero) &#8211; Tinto Fino <em>&#8211;<\/em> <em>\u20ac29,90<\/em><\/p>\n\n\n\n<p>Pago de los Capellanes Crianza (Ribera del Duero) &#8211; Tempranillo <em>&#8211;<\/em> <em>\u20ac38,50<\/em><\/p>\n\n\n\n<p>Abad\u00eda de Poblet (Conca de Barber\u00e0) &#8211; Trepat, Garrut, Garnatxa, Ull de llebre <em>&#8211;<\/em> <em>\u20ac32,90<\/em><\/p>\n\n\n\n<h2 class=\"wp-block-heading has-text-align-left has-theme-palette-2-color has-text-color has-link-color wp-elements-fc6e9df3db583757b54bd61aae99aa04\">BLANCS<\/h2>\n\n\n\n<p>Reforjat Blanc (Terra Alta) &#8211; Garnatxa Blanca, Macabeu <em>3,50 \u20ac<\/em> <em>14,90 \u20ac 14,90<\/em><\/p>\n\n\n\n<p>Legaris Verdejo (Rueda) &#8211; Verdejo <em>3,50 \u20ac<\/em> <em>14,90 \u20ac 14,90<\/em><\/p>\n\n\n\n<p>Albari\u00f1o Cosechero (R\u00edas Baixas) &#8211; Albari\u00f1o <em>3,50 \u20ac<\/em> <em>14,90 \u20ac 14,90<\/em><\/p>\n\n\n\n<p>Intramurs Blanc (Conca de Barber\u00e0) &#8211; Chardonnay, Sauvignon Blanc <em>&#8211;<\/em> <em>\u20ac18,90<\/em><\/p>\n\n\n\n<p>Perlat (Montsant) &#8211; Garnatxa Blanca, Macabeu <em>&#8211;<\/em> <em>\u20ac19,90<\/em><\/p>\n\n\n\n<p>Clamor Blanc (Costers del Segre) &#8211; Chardonnay, Xarel-lo, Sauvignon Blanc <em>&#8211;<\/em> <em>\u20ac16,90<\/em><\/p>\n\n\n\n<p>\u00c0nec Mut Blanc (Pened\u00e8s) &#8211; Macabeu, Xarel-lo, Malvasia <em>&#8211;<\/em> <em>\u20ac16,50<\/em><\/p>\n\n\n\n<p>Gessam\u00ed (Pened\u00e8s) &#8211; Gew\u00fcrztraminer, Moscatel, Sauvignon Blanc <em>&#8211;<\/em> <em>\u20ac31,90<\/em><\/p>\n\n\n\n<p>Rocafosca (Priorat) &#8211; Garnatxa Blanca, Macabeu, PX, Moscatel <em>&#8211;<\/em> <em>\u20ac28,90<\/em><\/p>\n\n\n\n<p>Terroir Sense Fronteres (Brisat) (Montsant) &#8211; Garnatxa Blanca <em>&#8211;<\/em> <em>\u20ac22,90<\/em><\/p>\n\n\n\n<p>La Charla (Rueda) &#8211; Verdejo <em>&#8211;<\/em> <em>\u20ac17,90<\/em><\/p>\n\n\n\n<p>La Duda (Godello) &#8211; Godello <em>&#8211;<\/em> <em>\u20ac18,90<\/em><\/p>\n\n\n\n<p>Raimat Albari\u00f1o (Costers del Segre) &#8211; Albari\u00f1o <em>&#8211;<\/em> <em>\u20ac18,50<\/em><\/p>\n\n\n\n<p>Leiras (R\u00edas Baixas) &#8211; Albari\u00f1o <em>&#8211;<\/em> <em>\u20ac25,90<\/em><\/p>\n\n\n\n<p>Can Matons Pansa Blanca (Alella) &#8211; Pansa Blanca <em>&#8211;<\/em> <em>24,90 \u20ac 24,90<\/em><\/p>\n\n\n\n<h2 class=\"wp-block-heading has-text-align-left has-theme-palette-2-color has-text-color has-link-color wp-elements-00f7fe14684deab840527e152f57b788\">Rose<\/h2>\n\n\n\n<p>Clamor Ros\u00e9 (Costers del Segre) &#8211; Garnatxa, Syrah, Tempranillo <em>3,50 \u20ac<\/em> <em>14,90 \u20ac 14,90<\/em><\/p>\n\n\n\n<p>Vol d&rsquo;\u00c0nima Rosat (Costers del Segre) &#8211; Pinot Noir, Chardonnay <em>&#8211;<\/em> <em>\u20ac18,90<\/em><\/p>\n\n\n\n<p>Castell d&rsquo;Or Ros\u00e9 (Conca de Barber\u00e0) &#8211; Trepat <em>&#8211;<\/em> <em>\u20ac16,90<\/em><\/p>\n\n\n\n<h2 class=\"wp-block-heading has-text-align-left has-theme-palette-2-color has-text-color has-link-color wp-elements-3bced2567f0d851d8def7ace66a37954\">Cava et vins mousseux<\/h2>\n\n\n\n<p>Louis Roederer Cristal Brut 2015 (Champagne) &#8211; Pinot Noir, Chardonnay <em>&#8211;<\/em> <em>\u20ac 400,00<\/em><\/p>\n\n\n\n<p>Veuve Clicquot Brut Yellow Label (Champagne) &#8211; Pinot Noir, Chardonnay, Meunier <em>&#8211;<\/em> <em>\u20ac 105,00<\/em><\/p>\n\n\n\n<p>Mo\u00ebt &amp; Chandon Brut Imperial (Champagne) &#8211; Pinot Noir, Meunier, Chardonnay <em>&#8211;<\/em> <em>\u20ac 80,00<\/em><\/p>\n\n\n\n<p>Codorniu Cuv\u00e9e Original Brut Nature (Cava) &#8211; Macabeu, Xarel-lo, Parellada <em>3,50 \u20ac<\/em> <em>15,90 \u20ac 15,90<\/em><\/p>\n\n\n\n<p>Cabaret Brut Nature Reserva Imperial (Cava) &#8211; Parellada, Chardonnay <em>&#8211;<\/em> <em>\u20ac15,90<\/em><\/p>\n\n\n\n<p>Castell d&rsquo;Or Brut Nature Gran Reserva (Cava) &#8211; Parellada, Chardonnay <em>&#8211;<\/em> <em>\u20ac15,90<\/em><\/p>\n\n\n\n<p>Codorniu ARS Collecta Blanc de Blancs (Cava) &#8211; Chardonnay, Xarel-lo, Parellada <em>&#8211;<\/em> <em>\u20ac37,50<\/em><\/p>\n\n\n\n<p>Codorniu ARS Collecta Ros\u00e9 (Cava) &#8211; Pinot Noir, Xarel-lo, Trepat <em>&#8211;<\/em> <em>\u20ac37,50<\/em><\/p>\n\n\n\n<p>M\u00eda Fruity &amp; Sweet Sparkling Moscato <em>&#8211;<\/em> <em>\u20ac 15,90<\/em><\/p>\n\n\n\n<p>M\u00eda Delicate &amp; Sweet Ros\u00e9 Sparkling Moscato <em>&#8211;<\/em> <em>\u20ac15,90<\/em><\/p>\n\n\n\n<p>Titiana de Can Matons D.O. Alella 2016 <em>&#8211;<\/em> <em>\u20ac35,50<\/em><\/p>\n<\/div><\/div>\n","protected":false},"excerpt":{"rendered":"","protected":false},"author":1,"featured_media":0,"parent":0,"menu_order":0,"comment_status":"closed","ping_status":"closed","template":"","meta":{"_kad_post_transparent":"","_kad_post_title":"","_kad_post_layout":"","_kad_post_sidebar_id":"","_kad_post_content_style":"","_kad_post_vertical_padding":"","_kad_post_feature":"","_kad_post_feature_position":"","_kad_post_header":false,"_kad_post_footer":false,"_kad_post_classname":"","footnotes":""},"class_list":["post-1027","page","type-page","status-publish","hentry"],"_links":{"self":[{"href":"https:\/\/elgallinerdelantiquari.net\/fr\/wp-json\/wp\/v2\/pages\/1027","targetHints":{"allow":["GET"]}}],"collection":[{"href":"https:\/\/elgallinerdelantiquari.net\/fr\/wp-json\/wp\/v2\/pages"}],"about":[{"href":"https:\/\/elgallinerdelantiquari.net\/fr\/wp-json\/wp\/v2\/types\/page"}],"author":[{"embeddable":true,"href":"https:\/\/elgallinerdelantiquari.net\/fr\/wp-json\/wp\/v2\/users\/1"}],"replies":[{"embeddable":true,"href":"https:\/\/elgallinerdelantiquari.net\/fr\/wp-json\/wp\/v2\/comments?post=1027"}],"version-history":[{"count":2,"href":"https:\/\/elgallinerdelantiquari.net\/fr\/wp-json\/wp\/v2\/pages\/1027\/revisions"}],"predecessor-version":[{"id":1074,"href":"https:\/\/elgallinerdelantiquari.net\/fr\/wp-json\/wp\/v2\/pages\/1027\/revisions\/1074"}],"wp:attachment":[{"href":"https:\/\/elgallinerdelantiquari.net\/fr\/wp-json\/wp\/v2\/media?parent=1027"}],"curies":[{"name":"wp","href":"https:\/\/api.w.org\/{rel}","templated":true}]}}