{"id":1009,"date":"2024-12-19T08:00:35","date_gmt":"2024-12-19T07:00:35","guid":{"rendered":"https:\/\/elgallinerdelantiquari.net\/le-gallinace\/"},"modified":"2025-08-21T12:21:31","modified_gmt":"2025-08-21T10:21:31","slug":"le-gallinace","status":"publish","type":"page","link":"https:\/\/elgallinerdelantiquari.net\/fr\/le-gallinace\/","title":{"rendered":"Le gallinac\u00e9"},"content":{"rendered":"\n<div class=\"wp-block-cover is-light has-parallax\" style=\"min-height:100vh;aspect-ratio:unset;\"><span aria-hidden=\"true\" class=\"wp-block-cover__background has-background-dim-0 has-background-dim\" style=\"background-color:#bd9878\"><\/span><div class=\"wp-block-cover__image-background wp-image-339 has-parallax\" style=\"background-position:50% 50%;background-image:url(https:\/\/elgallinerdelantiquari.net\/wp-content\/uploads\/2024\/12\/galliner.webp)\"><\/div><div class=\"wp-block-cover__inner-container is-layout-constrained wp-block-cover-is-layout-constrained\">\n<h2 class=\"wp-block-heading alignwide has-text-align-center has-theme-palette-9-color has-text-color has-link-color has-large-font-size wp-elements-569f02b6a40fdcbc467dc86aabeac22d\">EL GALLINER DE L&rsquo;ANTIQUARI<\/h2>\n\n\n\n<p class=\"has-text-align-center has-theme-palette-9-color has-text-color has-link-color has-medium-font-size wp-elements-12964cba321cbfb5cc976d9f81d91be4\">En savoir plus sur le restaurant El Galliner de l&rsquo;Antiquari<\/p>\n<\/div><\/div>\n\n<div class=\"wp-block-cover\"><span aria-hidden=\"true\" class=\"wp-block-cover__background has-theme-palette-9-background-color has-background-dim-100 has-background-dim\"><\/span><div class=\"wp-block-cover__inner-container is-layout-constrained wp-block-cover-is-layout-constrained\">\n<p class=\"has-text-align-center has-large-font-size\"><\/p>\n\n\n\n<div class=\"wp-block-media-text is-stacked-on-mobile has-theme-palette-3-color has-text-color has-link-color wp-elements-aacb9bcb398a49961af9689332375b7f\"><figure class=\"wp-block-media-text__media\"><img loading=\"lazy\" decoding=\"async\" width=\"576\" height=\"1024\" src=\"https:\/\/elgallinerdelantiquari.net\/wp-content\/uploads\/2024\/12\/TYMUR_DUKA-576x1024.webp\" alt=\"\" class=\"wp-image-337 size-full\" srcset=\"https:\/\/elgallinerdelantiquari.net\/wp-content\/uploads\/2024\/12\/TYMUR_DUKA-576x1024.webp 576w, https:\/\/elgallinerdelantiquari.net\/wp-content\/uploads\/2024\/12\/TYMUR_DUKA-169x300.webp 169w, https:\/\/elgallinerdelantiquari.net\/wp-content\/uploads\/2024\/12\/TYMUR_DUKA-768x1365.webp 768w, https:\/\/elgallinerdelantiquari.net\/wp-content\/uploads\/2024\/12\/TYMUR_DUKA-864x1536.webp 864w, https:\/\/elgallinerdelantiquari.net\/wp-content\/uploads\/2024\/12\/TYMUR_DUKA.webp 1080w\" sizes=\"auto, (max-width: 576px) 100vw, 576px\" \/><\/figure><div class=\"wp-block-media-text__content\">\n<p class=\"has-large-font-size\" style=\"line-height:1.1\"><em>El Galliner de l&rsquo;Antiquari<\/em> est un restaurant de Tarragone qui offre une exp\u00e9rience culinaire exceptionnelle, fusionnant la tradition gastronomique catalane avec des techniques modernes et une pr\u00e9sentation impeccable.<\/p>\n\n\n\n<p>Sous la direction du chef Tymur Duka, le restaurant s&rsquo;est impos\u00e9 comme une r\u00e9f\u00e9rence dans la ville.<\/p>\n\n\n\n<p>Tymur Duka est un chef cuisinier d&rsquo;origine ukrainienne et italienne qui, apr\u00e8s \u00eatre tomb\u00e9 amoureux de la gastronomie espagnole lors de son s\u00e9jour en Espagne, a d\u00e9cid\u00e9 de cr\u00e9er sa propre entreprise de restauration dans la ville.<\/p>\n\n\n\n<p>Sa passion pour la cuisine et son d\u00e9vouement \u00e0 l&rsquo;innovation culinaire l&rsquo;ont amen\u00e9 \u00e0 explorer diverses traditions gastronomiques et \u00e0 int\u00e9grer des influences internationales dans ses cr\u00e9ations.<\/p>\n\n\n\n<p>\u00c0 <em>El Galliner de l&rsquo;Antiquari<\/em>, le chef Duka dirige une \u00e9quipe qui vise l&rsquo;excellence et propose une carte qui se distingue par sa vari\u00e9t\u00e9 et sa qualit\u00e9.<\/p>\n\n\n\n<p>Les d\u00eeneurs peuvent d\u00e9guster une s\u00e9lection de viandes grill\u00e9es, de poissons frais et une vari\u00e9t\u00e9 d&rsquo;entr\u00e9es et de desserts qui refl\u00e8tent la cr\u00e9ativit\u00e9 et la technique du chef.<\/p>\n\n\n\n<p>L&rsquo;atmosph\u00e8re du restaurant est chaleureuse et \u00e9l\u00e9gante, avec un d\u00e9cor qui combine des \u00e9l\u00e9ments traditionnels et contemporains, cr\u00e9ant ainsi l&rsquo;espace id\u00e9al pour savourer un repas m\u00e9morable.<\/p>\n\n\n\n<p>Que ce soit pour un d\u00eener intime, une c\u00e9l\u00e9bration sp\u00e9ciale ou une r\u00e9union d&rsquo;affaires, <em>El Galliner de l&rsquo;Antiquari<\/em> vous propose une exp\u00e9rience gastronomique qui ravira tous les sens.<\/p>\n<\/div><\/div>\n<\/div><\/div>\n\n<figure class=\"wp-block-gallery has-nested-images columns-default is-cropped wp-block-gallery-1 is-layout-flex wp-block-gallery-is-layout-flex\">\n<figure class=\"wp-block-image size-large\"><img loading=\"lazy\" decoding=\"async\" width=\"1024\" height=\"768\" data-id=\"335\" src=\"https:\/\/elgallinerdelantiquari.net\/wp-content\/uploads\/2024\/12\/WhatsApp-Image-2024-12-27-at-08.52.49-1024x768.jpeg\" alt=\"\" class=\"wp-image-335\" srcset=\"https:\/\/elgallinerdelantiquari.net\/wp-content\/uploads\/2024\/12\/WhatsApp-Image-2024-12-27-at-08.52.49-1024x768.jpeg 1024w, https:\/\/elgallinerdelantiquari.net\/wp-content\/uploads\/2024\/12\/WhatsApp-Image-2024-12-27-at-08.52.49-300x225.jpeg 300w, https:\/\/elgallinerdelantiquari.net\/wp-content\/uploads\/2024\/12\/WhatsApp-Image-2024-12-27-at-08.52.49-768x576.jpeg 768w, https:\/\/elgallinerdelantiquari.net\/wp-content\/uploads\/2024\/12\/WhatsApp-Image-2024-12-27-at-08.52.49-1536x1152.jpeg 1536w, https:\/\/elgallinerdelantiquari.net\/wp-content\/uploads\/2024\/12\/WhatsApp-Image-2024-12-27-at-08.52.49.jpeg 1600w\" sizes=\"auto, (max-width: 1024px) 100vw, 1024px\" \/><\/figure>\n\n\n\n<figure class=\"wp-block-image size-large\"><img loading=\"lazy\" decoding=\"async\" width=\"1024\" height=\"1024\" data-id=\"333\" src=\"https:\/\/elgallinerdelantiquari.net\/wp-content\/uploads\/2024\/12\/WhatsApp-Image-2024-12-27-at-08.52.02-1024x1024.jpeg\" alt=\"\" class=\"wp-image-333\" srcset=\"https:\/\/elgallinerdelantiquari.net\/wp-content\/uploads\/2024\/12\/WhatsApp-Image-2024-12-27-at-08.52.02-1024x1024.jpeg 1024w, https:\/\/elgallinerdelantiquari.net\/wp-content\/uploads\/2024\/12\/WhatsApp-Image-2024-12-27-at-08.52.02-300x300.jpeg 300w, https:\/\/elgallinerdelantiquari.net\/wp-content\/uploads\/2024\/12\/WhatsApp-Image-2024-12-27-at-08.52.02-150x150.jpeg 150w, https:\/\/elgallinerdelantiquari.net\/wp-content\/uploads\/2024\/12\/WhatsApp-Image-2024-12-27-at-08.52.02-768x768.jpeg 768w, https:\/\/elgallinerdelantiquari.net\/wp-content\/uploads\/2024\/12\/WhatsApp-Image-2024-12-27-at-08.52.02-1536x1536.jpeg 1536w, https:\/\/elgallinerdelantiquari.net\/wp-content\/uploads\/2024\/12\/WhatsApp-Image-2024-12-27-at-08.52.02.jpeg 1546w\" sizes=\"auto, (max-width: 1024px) 100vw, 1024px\" \/><\/figure>\n\n\n\n<figure class=\"wp-block-image size-large\"><img loading=\"lazy\" decoding=\"async\" width=\"1024\" height=\"1024\" data-id=\"331\" src=\"https:\/\/elgallinerdelantiquari.net\/wp-content\/uploads\/2024\/12\/WhatsApp-Image-2024-12-27-at-08.51.07-1024x1024.jpeg\" alt=\"\" class=\"wp-image-331\" srcset=\"https:\/\/elgallinerdelantiquari.net\/wp-content\/uploads\/2024\/12\/WhatsApp-Image-2024-12-27-at-08.51.07-1024x1024.jpeg 1024w, https:\/\/elgallinerdelantiquari.net\/wp-content\/uploads\/2024\/12\/WhatsApp-Image-2024-12-27-at-08.51.07-300x300.jpeg 300w, https:\/\/elgallinerdelantiquari.net\/wp-content\/uploads\/2024\/12\/WhatsApp-Image-2024-12-27-at-08.51.07-150x150.jpeg 150w, https:\/\/elgallinerdelantiquari.net\/wp-content\/uploads\/2024\/12\/WhatsApp-Image-2024-12-27-at-08.51.07-768x768.jpeg 768w, https:\/\/elgallinerdelantiquari.net\/wp-content\/uploads\/2024\/12\/WhatsApp-Image-2024-12-27-at-08.51.07-1536x1536.jpeg 1536w, https:\/\/elgallinerdelantiquari.net\/wp-content\/uploads\/2024\/12\/WhatsApp-Image-2024-12-27-at-08.51.07.jpeg 1600w\" sizes=\"auto, (max-width: 1024px) 100vw, 1024px\" \/><\/figure>\n\n\n\n<figure class=\"wp-block-image size-large\"><img loading=\"lazy\" decoding=\"async\" width=\"1024\" height=\"1024\" data-id=\"329\" src=\"https:\/\/elgallinerdelantiquari.net\/wp-content\/uploads\/2024\/12\/WhatsApp-Image-2024-12-27-at-08.49.43-1024x1024.jpeg\" alt=\"\" class=\"wp-image-329\" srcset=\"https:\/\/elgallinerdelantiquari.net\/wp-content\/uploads\/2024\/12\/WhatsApp-Image-2024-12-27-at-08.49.43-1024x1024.jpeg 1024w, https:\/\/elgallinerdelantiquari.net\/wp-content\/uploads\/2024\/12\/WhatsApp-Image-2024-12-27-at-08.49.43-300x300.jpeg 300w, https:\/\/elgallinerdelantiquari.net\/wp-content\/uploads\/2024\/12\/WhatsApp-Image-2024-12-27-at-08.49.43-150x150.jpeg 150w, https:\/\/elgallinerdelantiquari.net\/wp-content\/uploads\/2024\/12\/WhatsApp-Image-2024-12-27-at-08.49.43-768x768.jpeg 768w, https:\/\/elgallinerdelantiquari.net\/wp-content\/uploads\/2024\/12\/WhatsApp-Image-2024-12-27-at-08.49.43-1536x1536.jpeg 1536w, https:\/\/elgallinerdelantiquari.net\/wp-content\/uploads\/2024\/12\/WhatsApp-Image-2024-12-27-at-08.49.43.jpeg 1600w\" sizes=\"auto, (max-width: 1024px) 100vw, 1024px\" \/><\/figure>\n\n\n\n<figure class=\"wp-block-image size-large\"><img loading=\"lazy\" decoding=\"async\" width=\"950\" height=\"789\" data-id=\"247\" src=\"https:\/\/elgallinerdelantiquari.net\/wp-content\/uploads\/2024\/12\/contribution_gallery.webp\" alt=\"\" class=\"wp-image-247\" srcset=\"https:\/\/elgallinerdelantiquari.net\/wp-content\/uploads\/2024\/12\/contribution_gallery.webp 950w, https:\/\/elgallinerdelantiquari.net\/wp-content\/uploads\/2024\/12\/contribution_gallery-300x249.webp 300w, https:\/\/elgallinerdelantiquari.net\/wp-content\/uploads\/2024\/12\/contribution_gallery-768x638.webp 768w\" sizes=\"auto, (max-width: 950px) 100vw, 950px\" \/><\/figure>\n\n\n\n<figure class=\"wp-block-image size-large\"><img loading=\"lazy\" decoding=\"async\" width=\"1024\" height=\"1024\" data-id=\"341\" src=\"https:\/\/elgallinerdelantiquari.net\/wp-content\/uploads\/2024\/12\/WhatsApp-Image-2024-12-27-at-09.11.54-1024x1024.jpeg\" alt=\"\" class=\"wp-image-341\" srcset=\"https:\/\/elgallinerdelantiquari.net\/wp-content\/uploads\/2024\/12\/WhatsApp-Image-2024-12-27-at-09.11.54-1024x1024.jpeg 1024w, https:\/\/elgallinerdelantiquari.net\/wp-content\/uploads\/2024\/12\/WhatsApp-Image-2024-12-27-at-09.11.54-300x300.jpeg 300w, https:\/\/elgallinerdelantiquari.net\/wp-content\/uploads\/2024\/12\/WhatsApp-Image-2024-12-27-at-09.11.54-150x150.jpeg 150w, https:\/\/elgallinerdelantiquari.net\/wp-content\/uploads\/2024\/12\/WhatsApp-Image-2024-12-27-at-09.11.54-768x768.jpeg 768w, https:\/\/elgallinerdelantiquari.net\/wp-content\/uploads\/2024\/12\/WhatsApp-Image-2024-12-27-at-09.11.54-1536x1536.jpeg 1536w, https:\/\/elgallinerdelantiquari.net\/wp-content\/uploads\/2024\/12\/WhatsApp-Image-2024-12-27-at-09.11.54.jpeg 1600w\" sizes=\"auto, (max-width: 1024px) 100vw, 1024px\" \/><\/figure>\n\n\n\n<figure class=\"wp-block-image size-large\"><img loading=\"lazy\" decoding=\"async\" width=\"1024\" height=\"1024\" data-id=\"342\" src=\"https:\/\/elgallinerdelantiquari.net\/wp-content\/uploads\/2024\/12\/WhatsApp-Image-2024-12-27-at-09.11.45-1024x1024.jpeg\" alt=\"\" class=\"wp-image-342\" srcset=\"https:\/\/elgallinerdelantiquari.net\/wp-content\/uploads\/2024\/12\/WhatsApp-Image-2024-12-27-at-09.11.45-1024x1024.jpeg 1024w, https:\/\/elgallinerdelantiquari.net\/wp-content\/uploads\/2024\/12\/WhatsApp-Image-2024-12-27-at-09.11.45-300x300.jpeg 300w, https:\/\/elgallinerdelantiquari.net\/wp-content\/uploads\/2024\/12\/WhatsApp-Image-2024-12-27-at-09.11.45-150x150.jpeg 150w, https:\/\/elgallinerdelantiquari.net\/wp-content\/uploads\/2024\/12\/WhatsApp-Image-2024-12-27-at-09.11.45-768x768.jpeg 768w, https:\/\/elgallinerdelantiquari.net\/wp-content\/uploads\/2024\/12\/WhatsApp-Image-2024-12-27-at-09.11.45-1536x1536.jpeg 1536w, https:\/\/elgallinerdelantiquari.net\/wp-content\/uploads\/2024\/12\/WhatsApp-Image-2024-12-27-at-09.11.45.jpeg 1600w\" sizes=\"auto, (max-width: 1024px) 100vw, 1024px\" \/><\/figure>\n\n\n\n<figure class=\"wp-block-image size-large\"><img loading=\"lazy\" decoding=\"async\" width=\"1024\" height=\"1024\" data-id=\"343\" src=\"https:\/\/elgallinerdelantiquari.net\/wp-content\/uploads\/2024\/12\/WhatsApp-Image-2024-12-27-at-09.11.36-1024x1024.jpeg\" alt=\"\" class=\"wp-image-343\" srcset=\"https:\/\/elgallinerdelantiquari.net\/wp-content\/uploads\/2024\/12\/WhatsApp-Image-2024-12-27-at-09.11.36-1024x1024.jpeg 1024w, https:\/\/elgallinerdelantiquari.net\/wp-content\/uploads\/2024\/12\/WhatsApp-Image-2024-12-27-at-09.11.36-300x300.jpeg 300w, https:\/\/elgallinerdelantiquari.net\/wp-content\/uploads\/2024\/12\/WhatsApp-Image-2024-12-27-at-09.11.36-150x150.jpeg 150w, https:\/\/elgallinerdelantiquari.net\/wp-content\/uploads\/2024\/12\/WhatsApp-Image-2024-12-27-at-09.11.36-768x768.jpeg 768w, https:\/\/elgallinerdelantiquari.net\/wp-content\/uploads\/2024\/12\/WhatsApp-Image-2024-12-27-at-09.11.36-1536x1536.jpeg 1536w, https:\/\/elgallinerdelantiquari.net\/wp-content\/uploads\/2024\/12\/WhatsApp-Image-2024-12-27-at-09.11.36.jpeg 1600w\" sizes=\"auto, (max-width: 1024px) 100vw, 1024px\" \/><\/figure>\n\n\n\n<figure class=\"wp-block-image size-large\"><img loading=\"lazy\" decoding=\"async\" width=\"1024\" height=\"1024\" data-id=\"344\" src=\"https:\/\/elgallinerdelantiquari.net\/wp-content\/uploads\/2024\/12\/WhatsApp-Image-2024-12-27-at-09.11.23-1024x1024.jpeg\" alt=\"\" class=\"wp-image-344\" srcset=\"https:\/\/elgallinerdelantiquari.net\/wp-content\/uploads\/2024\/12\/WhatsApp-Image-2024-12-27-at-09.11.23-1024x1024.jpeg 1024w, https:\/\/elgallinerdelantiquari.net\/wp-content\/uploads\/2024\/12\/WhatsApp-Image-2024-12-27-at-09.11.23-300x300.jpeg 300w, https:\/\/elgallinerdelantiquari.net\/wp-content\/uploads\/2024\/12\/WhatsApp-Image-2024-12-27-at-09.11.23-150x150.jpeg 150w, https:\/\/elgallinerdelantiquari.net\/wp-content\/uploads\/2024\/12\/WhatsApp-Image-2024-12-27-at-09.11.23-768x768.jpeg 768w, https:\/\/elgallinerdelantiquari.net\/wp-content\/uploads\/2024\/12\/WhatsApp-Image-2024-12-27-at-09.11.23-1536x1536.jpeg 1536w, https:\/\/elgallinerdelantiquari.net\/wp-content\/uploads\/2024\/12\/WhatsApp-Image-2024-12-27-at-09.11.23.jpeg 1600w\" sizes=\"auto, (max-width: 1024px) 100vw, 1024px\" \/><\/figure>\n\n\n\n<figure class=\"wp-block-image size-large\"><img loading=\"lazy\" decoding=\"async\" width=\"1024\" height=\"1024\" data-id=\"345\" src=\"https:\/\/elgallinerdelantiquari.net\/wp-content\/uploads\/2024\/12\/WhatsApp-Image-2024-12-27-at-09.11.09-1024x1024.jpeg\" alt=\"\" class=\"wp-image-345\" srcset=\"https:\/\/elgallinerdelantiquari.net\/wp-content\/uploads\/2024\/12\/WhatsApp-Image-2024-12-27-at-09.11.09-1024x1024.jpeg 1024w, https:\/\/elgallinerdelantiquari.net\/wp-content\/uploads\/2024\/12\/WhatsApp-Image-2024-12-27-at-09.11.09-300x300.jpeg 300w, https:\/\/elgallinerdelantiquari.net\/wp-content\/uploads\/2024\/12\/WhatsApp-Image-2024-12-27-at-09.11.09-150x150.jpeg 150w, https:\/\/elgallinerdelantiquari.net\/wp-content\/uploads\/2024\/12\/WhatsApp-Image-2024-12-27-at-09.11.09-768x768.jpeg 768w, https:\/\/elgallinerdelantiquari.net\/wp-content\/uploads\/2024\/12\/WhatsApp-Image-2024-12-27-at-09.11.09-1536x1536.jpeg 1536w, https:\/\/elgallinerdelantiquari.net\/wp-content\/uploads\/2024\/12\/WhatsApp-Image-2024-12-27-at-09.11.09.jpeg 1600w\" sizes=\"auto, (max-width: 1024px) 100vw, 1024px\" \/><\/figure>\n\n\n\n<figure class=\"wp-block-image size-large\"><img loading=\"lazy\" decoding=\"async\" width=\"1024\" height=\"1024\" data-id=\"346\" src=\"https:\/\/elgallinerdelantiquari.net\/wp-content\/uploads\/2024\/12\/WhatsApp-Image-2024-12-27-at-09.11.03-1024x1024.jpeg\" alt=\"\" class=\"wp-image-346\" srcset=\"https:\/\/elgallinerdelantiquari.net\/wp-content\/uploads\/2024\/12\/WhatsApp-Image-2024-12-27-at-09.11.03-1024x1024.jpeg 1024w, https:\/\/elgallinerdelantiquari.net\/wp-content\/uploads\/2024\/12\/WhatsApp-Image-2024-12-27-at-09.11.03-300x300.jpeg 300w, https:\/\/elgallinerdelantiquari.net\/wp-content\/uploads\/2024\/12\/WhatsApp-Image-2024-12-27-at-09.11.03-150x150.jpeg 150w, https:\/\/elgallinerdelantiquari.net\/wp-content\/uploads\/2024\/12\/WhatsApp-Image-2024-12-27-at-09.11.03-768x768.jpeg 768w, https:\/\/elgallinerdelantiquari.net\/wp-content\/uploads\/2024\/12\/WhatsApp-Image-2024-12-27-at-09.11.03-1536x1536.jpeg 1536w, https:\/\/elgallinerdelantiquari.net\/wp-content\/uploads\/2024\/12\/WhatsApp-Image-2024-12-27-at-09.11.03.jpeg 1600w\" sizes=\"auto, (max-width: 1024px) 100vw, 1024px\" \/><\/figure>\n\n\n\n<figure class=\"wp-block-image size-large\"><img loading=\"lazy\" decoding=\"async\" width=\"1024\" height=\"1024\" data-id=\"347\" src=\"https:\/\/elgallinerdelantiquari.net\/wp-content\/uploads\/2024\/12\/WhatsApp-Image-2024-12-27-at-09.10.49-1024x1024.jpeg\" alt=\"\" class=\"wp-image-347\" srcset=\"https:\/\/elgallinerdelantiquari.net\/wp-content\/uploads\/2024\/12\/WhatsApp-Image-2024-12-27-at-09.10.49-1024x1024.jpeg 1024w, https:\/\/elgallinerdelantiquari.net\/wp-content\/uploads\/2024\/12\/WhatsApp-Image-2024-12-27-at-09.10.49-300x300.jpeg 300w, https:\/\/elgallinerdelantiquari.net\/wp-content\/uploads\/2024\/12\/WhatsApp-Image-2024-12-27-at-09.10.49-150x150.jpeg 150w, https:\/\/elgallinerdelantiquari.net\/wp-content\/uploads\/2024\/12\/WhatsApp-Image-2024-12-27-at-09.10.49-768x768.jpeg 768w, https:\/\/elgallinerdelantiquari.net\/wp-content\/uploads\/2024\/12\/WhatsApp-Image-2024-12-27-at-09.10.49-1536x1536.jpeg 1536w, https:\/\/elgallinerdelantiquari.net\/wp-content\/uploads\/2024\/12\/WhatsApp-Image-2024-12-27-at-09.10.49.jpeg 1600w\" sizes=\"auto, (max-width: 1024px) 100vw, 1024px\" \/><\/figure>\n\n\n\n<figure class=\"wp-block-image size-large\"><img loading=\"lazy\" decoding=\"async\" width=\"1024\" height=\"1024\" data-id=\"348\" src=\"https:\/\/elgallinerdelantiquari.net\/wp-content\/uploads\/2024\/12\/WhatsApp-Image-2024-12-27-at-09.10.40-1024x1024.jpeg\" alt=\"\" class=\"wp-image-348\" srcset=\"https:\/\/elgallinerdelantiquari.net\/wp-content\/uploads\/2024\/12\/WhatsApp-Image-2024-12-27-at-09.10.40-1024x1024.jpeg 1024w, https:\/\/elgallinerdelantiquari.net\/wp-content\/uploads\/2024\/12\/WhatsApp-Image-2024-12-27-at-09.10.40-300x300.jpeg 300w, https:\/\/elgallinerdelantiquari.net\/wp-content\/uploads\/2024\/12\/WhatsApp-Image-2024-12-27-at-09.10.40-150x150.jpeg 150w, https:\/\/elgallinerdelantiquari.net\/wp-content\/uploads\/2024\/12\/WhatsApp-Image-2024-12-27-at-09.10.40-768x768.jpeg 768w, https:\/\/elgallinerdelantiquari.net\/wp-content\/uploads\/2024\/12\/WhatsApp-Image-2024-12-27-at-09.10.40-1536x1536.jpeg 1536w, https:\/\/elgallinerdelantiquari.net\/wp-content\/uploads\/2024\/12\/WhatsApp-Image-2024-12-27-at-09.10.40.jpeg 1600w\" sizes=\"auto, (max-width: 1024px) 100vw, 1024px\" \/><\/figure>\n\n\n\n<figure class=\"wp-block-image size-large\"><img loading=\"lazy\" decoding=\"async\" width=\"1024\" height=\"1024\" data-id=\"349\" src=\"https:\/\/elgallinerdelantiquari.net\/wp-content\/uploads\/2024\/12\/WhatsApp-Image-2024-12-27-at-09.10.08-1024x1024.jpeg\" alt=\"\" class=\"wp-image-349\" srcset=\"https:\/\/elgallinerdelantiquari.net\/wp-content\/uploads\/2024\/12\/WhatsApp-Image-2024-12-27-at-09.10.08-1024x1024.jpeg 1024w, https:\/\/elgallinerdelantiquari.net\/wp-content\/uploads\/2024\/12\/WhatsApp-Image-2024-12-27-at-09.10.08-300x300.jpeg 300w, https:\/\/elgallinerdelantiquari.net\/wp-content\/uploads\/2024\/12\/WhatsApp-Image-2024-12-27-at-09.10.08-150x150.jpeg 150w, https:\/\/elgallinerdelantiquari.net\/wp-content\/uploads\/2024\/12\/WhatsApp-Image-2024-12-27-at-09.10.08-768x768.jpeg 768w, https:\/\/elgallinerdelantiquari.net\/wp-content\/uploads\/2024\/12\/WhatsApp-Image-2024-12-27-at-09.10.08-1536x1536.jpeg 1536w, https:\/\/elgallinerdelantiquari.net\/wp-content\/uploads\/2024\/12\/WhatsApp-Image-2024-12-27-at-09.10.08.jpeg 1600w\" sizes=\"auto, (max-width: 1024px) 100vw, 1024px\" \/><\/figure>\n\n\n\n<figure class=\"wp-block-image size-large\"><img loading=\"lazy\" decoding=\"async\" width=\"1024\" height=\"1024\" data-id=\"350\" src=\"https:\/\/elgallinerdelantiquari.net\/wp-content\/uploads\/2024\/12\/WhatsApp-Image-2024-12-27-at-09.09.51-1024x1024.jpeg\" alt=\"\" class=\"wp-image-350\" srcset=\"https:\/\/elgallinerdelantiquari.net\/wp-content\/uploads\/2024\/12\/WhatsApp-Image-2024-12-27-at-09.09.51-1024x1024.jpeg 1024w, https:\/\/elgallinerdelantiquari.net\/wp-content\/uploads\/2024\/12\/WhatsApp-Image-2024-12-27-at-09.09.51-300x300.jpeg 300w, https:\/\/elgallinerdelantiquari.net\/wp-content\/uploads\/2024\/12\/WhatsApp-Image-2024-12-27-at-09.09.51-150x150.jpeg 150w, https:\/\/elgallinerdelantiquari.net\/wp-content\/uploads\/2024\/12\/WhatsApp-Image-2024-12-27-at-09.09.51-768x768.jpeg 768w, https:\/\/elgallinerdelantiquari.net\/wp-content\/uploads\/2024\/12\/WhatsApp-Image-2024-12-27-at-09.09.51-1536x1536.jpeg 1536w, https:\/\/elgallinerdelantiquari.net\/wp-content\/uploads\/2024\/12\/WhatsApp-Image-2024-12-27-at-09.09.51.jpeg 1600w\" sizes=\"auto, (max-width: 1024px) 100vw, 1024px\" \/><\/figure>\n\n\n\n<figure class=\"wp-block-image size-large\"><img loading=\"lazy\" decoding=\"async\" width=\"1024\" height=\"1024\" data-id=\"351\" src=\"https:\/\/elgallinerdelantiquari.net\/wp-content\/uploads\/2024\/12\/WhatsApp-Image-2024-12-27-at-09.09.14-1024x1024.jpeg\" alt=\"\" class=\"wp-image-351\" srcset=\"https:\/\/elgallinerdelantiquari.net\/wp-content\/uploads\/2024\/12\/WhatsApp-Image-2024-12-27-at-09.09.14-1024x1024.jpeg 1024w, https:\/\/elgallinerdelantiquari.net\/wp-content\/uploads\/2024\/12\/WhatsApp-Image-2024-12-27-at-09.09.14-300x300.jpeg 300w, https:\/\/elgallinerdelantiquari.net\/wp-content\/uploads\/2024\/12\/WhatsApp-Image-2024-12-27-at-09.09.14-150x150.jpeg 150w, https:\/\/elgallinerdelantiquari.net\/wp-content\/uploads\/2024\/12\/WhatsApp-Image-2024-12-27-at-09.09.14-768x768.jpeg 768w, https:\/\/elgallinerdelantiquari.net\/wp-content\/uploads\/2024\/12\/WhatsApp-Image-2024-12-27-at-09.09.14-1536x1536.jpeg 1536w, https:\/\/elgallinerdelantiquari.net\/wp-content\/uploads\/2024\/12\/WhatsApp-Image-2024-12-27-at-09.09.14.jpeg 1600w\" sizes=\"auto, (max-width: 1024px) 100vw, 1024px\" \/><\/figure>\n\n\n\n<figure class=\"wp-block-image size-large\"><img loading=\"lazy\" decoding=\"async\" width=\"1024\" height=\"1024\" data-id=\"352\" src=\"https:\/\/elgallinerdelantiquari.net\/wp-content\/uploads\/2024\/12\/WhatsApp-Image-2024-12-27-at-09.11.59-1024x1024.jpeg\" alt=\"\" class=\"wp-image-352\" srcset=\"https:\/\/elgallinerdelantiquari.net\/wp-content\/uploads\/2024\/12\/WhatsApp-Image-2024-12-27-at-09.11.59-1024x1024.jpeg 1024w, https:\/\/elgallinerdelantiquari.net\/wp-content\/uploads\/2024\/12\/WhatsApp-Image-2024-12-27-at-09.11.59-300x300.jpeg 300w, https:\/\/elgallinerdelantiquari.net\/wp-content\/uploads\/2024\/12\/WhatsApp-Image-2024-12-27-at-09.11.59-150x150.jpeg 150w, https:\/\/elgallinerdelantiquari.net\/wp-content\/uploads\/2024\/12\/WhatsApp-Image-2024-12-27-at-09.11.59-768x768.jpeg 768w, https:\/\/elgallinerdelantiquari.net\/wp-content\/uploads\/2024\/12\/WhatsApp-Image-2024-12-27-at-09.11.59-1536x1536.jpeg 1536w, https:\/\/elgallinerdelantiquari.net\/wp-content\/uploads\/2024\/12\/WhatsApp-Image-2024-12-27-at-09.11.59.jpeg 1600w\" sizes=\"auto, (max-width: 1024px) 100vw, 1024px\" \/><\/figure>\n<\/figure>\n","protected":false},"excerpt":{"rendered":"","protected":false},"author":1,"featured_media":0,"parent":0,"menu_order":0,"comment_status":"closed","ping_status":"closed","template":"","meta":{"_kad_post_transparent":"","_kad_post_title":"","_kad_post_layout":"","_kad_post_sidebar_id":"","_kad_post_content_style":"","_kad_post_vertical_padding":"","_kad_post_feature":"","_kad_post_feature_position":"","_kad_post_header":false,"_kad_post_footer":false,"_kad_post_classname":"","footnotes":""},"class_list":["post-1009","page","type-page","status-publish","hentry"],"_links":{"self":[{"href":"https:\/\/elgallinerdelantiquari.net\/fr\/wp-json\/wp\/v2\/pages\/1009","targetHints":{"allow":["GET"]}}],"collection":[{"href":"https:\/\/elgallinerdelantiquari.net\/fr\/wp-json\/wp\/v2\/pages"}],"about":[{"href":"https:\/\/elgallinerdelantiquari.net\/fr\/wp-json\/wp\/v2\/types\/page"}],"author":[{"embeddable":true,"href":"https:\/\/elgallinerdelantiquari.net\/fr\/wp-json\/wp\/v2\/users\/1"}],"replies":[{"embeddable":true,"href":"https:\/\/elgallinerdelantiquari.net\/fr\/wp-json\/wp\/v2\/comments?post=1009"}],"version-history":[{"count":1,"href":"https:\/\/elgallinerdelantiquari.net\/fr\/wp-json\/wp\/v2\/pages\/1009\/revisions"}],"predecessor-version":[{"id":1025,"href":"https:\/\/elgallinerdelantiquari.net\/fr\/wp-json\/wp\/v2\/pages\/1009\/revisions\/1025"}],"wp:attachment":[{"href":"https:\/\/elgallinerdelantiquari.net\/fr\/wp-json\/wp\/v2\/media?parent=1009"}],"curies":[{"name":"wp","href":"https:\/\/api.w.org\/{rel}","templated":true}]}}