{"id":646,"date":"2025-02-09T21:15:57","date_gmt":"2025-02-09T20:15:57","guid":{"rendered":"https:\/\/elgallinerdelantiquari.net\/calcotada-menu\/"},"modified":"2025-02-09T21:26:46","modified_gmt":"2025-02-09T20:26:46","slug":"calcotada-menu","status":"publish","type":"page","link":"https:\/\/elgallinerdelantiquari.net\/en\/calcotada-menu\/","title":{"rendered":"Cal\u00e7otada Menu"},"content":{"rendered":"\n<p class=\"has-text-align-center\"><\/p>\n\n<p class=\"has-text-align-center\">Pulled pork croquette with kimchi mayonnaise.<\/p>\n\n<p class=\"has-text-align-center\">Bread with tomato, A.O.V.E. and aioli.<\/p>\n\n<p class=\"has-text-align-center\"><\/p>\n\n<p class=\"has-text-align-center\">Cal\u00e7ots with romesco sauce.<\/p>\n\n<p class=\"has-text-align-center\">Grilled grilled meats: Longaniza de pay\u00e9s, black sausage, chorizo, bacon and lamb.<\/p>\n\n<p class=\"has-text-align-center\">Potato al caliu &#8211; Grilled artichoke &#8211; Saut\u00e9ed white beans.<\/p>\n\n<p class=\"has-text-align-center\"><strong>Dessert<\/strong><\/p>\n\n<p class=\"has-text-align-center\">Orange cup with caramelized cr\u00e8me br\u00fbl\u00e9e.<\/p>\n\n<p class=\"has-text-align-center\"><strong>Winery<\/strong><\/p>\n\n<p class=\"has-text-align-center\">Clot d&#8217;enc\u00eds Black (D.O. Terra Alta)<\/p>\n\n<p class=\"has-text-align-center\">Clot d&#8217;enc\u00eds Blanc (D.O. Terra Alta)<\/p>\n\n<p class=\"has-text-align-center\">Clot d&#8217;enc\u00eds Ros\u00e9 (D.O. Terra Alta)<\/p>\n\n<p class=\"has-text-align-center\">Cava Grimau (D.O. Cava)  <\/p>\n\n<p class=\"has-text-align-center\"><strong>Two drinks per person (water, wine, cava, beer and soft drink).<\/strong><\/p>\n\n<p class=\"has-text-align-center has-larger-font-size\"><strong>45 \u20ac  <\/strong><\/p>\n\n<p class=\"has-text-align-center\">p.p.p. incl. VAT<\/p>\n\n<p style=\"border-style:none;border-width:0px\"><\/p>\n\n<p><\/p>\n","protected":false},"excerpt":{"rendered":"<p>Pulled pork croquette with kimchi mayonnaise. Bread with tomato, A.O.V.E. and aioli. Cal\u00e7ots with romesco sauce. Grilled grilled meats: Longaniza de pay\u00e9s, black sausage, chorizo, bacon and lamb. Potato al caliu &#8211; Grilled artichoke &#8211; Saut\u00e9ed white beans. Dessert Orange cup with caramelized cr\u00e8me br\u00fbl\u00e9e. Winery Clot d&#8217;enc\u00eds Black (D.O. Terra Alta) Clot d&#8217;enc\u00eds Blanc&#8230;<\/p>\n","protected":false},"author":2,"featured_media":0,"parent":0,"menu_order":0,"comment_status":"closed","ping_status":"closed","template":"","meta":{"_kad_post_transparent":"","_kad_post_title":"","_kad_post_layout":"","_kad_post_sidebar_id":"","_kad_post_content_style":"","_kad_post_vertical_padding":"","_kad_post_feature":"","_kad_post_feature_position":"","_kad_post_header":false,"_kad_post_footer":false,"_kad_post_classname":"","footnotes":""},"class_list":["post-646","page","type-page","status-publish","hentry"],"_links":{"self":[{"href":"https:\/\/elgallinerdelantiquari.net\/en\/wp-json\/wp\/v2\/pages\/646","targetHints":{"allow":["GET"]}}],"collection":[{"href":"https:\/\/elgallinerdelantiquari.net\/en\/wp-json\/wp\/v2\/pages"}],"about":[{"href":"https:\/\/elgallinerdelantiquari.net\/en\/wp-json\/wp\/v2\/types\/page"}],"author":[{"embeddable":true,"href":"https:\/\/elgallinerdelantiquari.net\/en\/wp-json\/wp\/v2\/users\/2"}],"replies":[{"embeddable":true,"href":"https:\/\/elgallinerdelantiquari.net\/en\/wp-json\/wp\/v2\/comments?post=646"}],"version-history":[{"count":1,"href":"https:\/\/elgallinerdelantiquari.net\/en\/wp-json\/wp\/v2\/pages\/646\/revisions"}],"predecessor-version":[{"id":647,"href":"https:\/\/elgallinerdelantiquari.net\/en\/wp-json\/wp\/v2\/pages\/646\/revisions\/647"}],"wp:attachment":[{"href":"https:\/\/elgallinerdelantiquari.net\/en\/wp-json\/wp\/v2\/media?parent=646"}],"curies":[{"name":"wp","href":"https:\/\/api.w.org\/{rel}","templated":true}]}}