{"id":427,"date":"2024-12-18T16:07:28","date_gmt":"2024-12-18T15:07:28","guid":{"rendered":"https:\/\/elgallinerdelantiquari.net\/la-carta\/"},"modified":"2025-08-21T12:36:20","modified_gmt":"2025-08-21T10:36:20","slug":"la-carta","status":"publish","type":"page","link":"https:\/\/elgallinerdelantiquari.net\/ca\/la-carta\/","title":{"rendered":"La carta"},"content":{"rendered":"\n<div class=\"wp-block-cover is-light has-parallax\" style=\"min-height:100vh;aspect-ratio:unset;\"><span aria-hidden=\"true\" class=\"wp-block-cover__background has-background-dim-0 has-background-dim\" style=\"background-color:#ba9b76\"><\/span><div class=\"wp-block-cover__image-background wp-image-331 has-parallax\" style=\"background-position:50% 50%;background-image:url(https:\/\/elgallinerdelantiquari.net\/wp-content\/uploads\/2024\/12\/WhatsApp-Image-2024-12-27-at-08.51.07.jpeg)\"><\/div><div class=\"wp-block-cover__inner-container is-layout-constrained wp-block-cover-is-layout-constrained\">\n<h2 class=\"wp-block-heading alignwide has-text-align-center has-theme-palette-9-color has-text-color has-link-color has-large-font-size wp-elements-b217793b2042ba7d00e0de0f29c3675e\">LA CARTA<\/h2>\n\n\n\n<p class=\"has-text-align-center has-theme-palette-9-color has-text-color has-link-color has-medium-font-size wp-elements-661e0f536dc27a71ded7611759178e36\">Benvinguts al Galliner de l&#8217;Antiquari, descobreix la carta.  <\/p>\n<\/div><\/div>\n\n<div class=\"wp-block-cover aligncenter is-light carta\"><span aria-hidden=\"true\" class=\"wp-block-cover__background has-theme-palette-1-background-color has-background-dim-0 has-background-dim\"><\/span><div class=\"wp-block-cover__inner-container is-layout-constrained wp-block-cover-is-layout-constrained\">\n<div class=\"wp-block-columns is-layout-flex wp-container-core-columns-is-layout-9d6595d7 wp-block-columns-is-layout-flex\">\n<div class=\"wp-block-column is-layout-flow wp-block-column-is-layout-flow\">\n<div class=\"wp-block-cover aligncenter carta has-theme-palette-3-color has-text-color has-link-color wp-elements-080e6d4e0d6e4ab35b4d92963f84303b\"><span aria-hidden=\"true\" class=\"wp-block-cover__background has-theme-palette-9-background-color has-background-dim-90 has-background-dim\"><\/span><div class=\"wp-block-cover__inner-container is-layout-constrained wp-block-cover-is-layout-constrained\">\n<h2 class=\"wp-block-heading has-text-align-left has-theme-palette-1-color has-text-color has-link-color has-large-font-size wp-elements-eaf1f3842c467e5c6e6b553a2a9f9327\"><strong>Tapes del Galliner<\/strong><\/h2>\n\n\n\n<p>Seitons frescos de la llotja a l&#8217;andalusa amb salsa t\u00e0rtara del Galliner.  <em>11,5 \u20ac<\/em><\/p>\n\n\n\n<p>Pebrots del Padr\u00f3.  <em>7,9 \u20ac<\/em><\/p>\n\n\n\n<p>Aletes de pollastre amb salsa BBQ.  <em>8,9 \u20ac<\/em><\/p>\n\n\n\n<p>Patates braves amb allioli i salsa brava del galliner.  <em>7,5 \u20ac<\/em><\/p>\n\n\n\n<p>Patates trufades amb t\u00f2fona i formatge gruy\u00e8re.  <em>11,5 \u20ac<\/em><\/p>\n\n\n\n<p>Pernil ib\u00e8ric 100% de gla tallat a m\u00e0.  <em>21,5 \u20ac<\/em><\/p>\n\n\n\n<p>Carxofes confitades a la brasa amb espurnes cruixents de pernil ib\u00e8ric.  <em>12,5 \u20ac<\/em><\/p>\n\n\n\n<p>Lingot de foie 100% amb torradetes de pa i melmelades.  <em>18 \u20ac<\/em><\/p>\n\n\n\n<p>Musclos amb gamba vermella i llima.  <em>22,5 \u20ac<\/em><\/p>\n\n\n\n<p>Musclos a la belga amb reducci\u00f3 de porro confitat en crema de llet.  <em>15,5 \u20ac<\/em><\/p>\n\n\n\n<p>Musclos al vapor amb mojito d&#8217;all, llima i julivert.  <em>12,5 \u20ac<\/em><\/p>\n\n\n\n<p>Calamars en tempura a la Romana amb allioli c\u00edtric.  <em>15,9 \u20ac<\/em><\/p>\n\n\n\n<p>Gambes amb allada.  <em>14,9 \u20ac<\/em><\/p>\n\n\n\n<p>Torreznos de Soria amb pebrots del padr\u00f3 i escata de sal.  <em>11,5 \u20ac<\/em><\/p>\n\n\n\n<p>Pa Bao d&#8217;\u00e0nec a baixa temperatura amb maionesa de m\u00e0nec i kimchi (2 pcs).  <em>12 \u20ac<\/em><\/p>\n\n\n\n<p>Bunyols de bacall\u00e0 amb mel, llima i s\u00e8sam (min 4 und).  <em>2,25 \u20ac\/u.<\/em><\/p>\n\n\n\n<p>Croquetes de pernil ib\u00e8ric (min 4 und).  <em>2,25 \u20ac\/u.<\/em><\/p>\n\n\n\n<p>Croquetes de pulled-pork (min 4 und).  <em>3 \u20ac\/u.<\/em><\/p>\n\n\n\n<p>Croquetes de bolets (min 4 und).  <em>2,25 \u20ac\/u.<\/em><\/p>\n\n\n\n<p>Pa de vidre amb tom\u00e0quet.  <em>3,9 \u20ac<\/em><\/p>\n\n\n\n<p>Pa de focaccia amb AOVE i escata de sal.  <em>3,9 \u20ac<\/em><\/p>\n\n\n\n<p>Mini hamburguesa de vaca gallega a la brasa amb maig-kimchi.  <em>12 \u20ac<\/em><\/p>\n\n\n\n<p>Botifarra de burgos amb melmelada de tom\u00e0quet i cruixent de calamarsets.  <em>12,9 \u20ac<\/em><\/p>\n\n\n\n<p>Ous trencats amb pernil ib\u00e8ric 100%.  <em>15,5 \u20ac<\/em><\/p>\n\n\n\n<p>Ous trencats amb t\u00f2fona i foie.  <em>15,5 \u20ac<\/em><\/p>\n\n\n\n<p>Ous trencats amb carxofes i cruixent de pernil ib\u00e8ric.  <em>15,5 \u20ac<\/em><\/p>\n\n\n\n<p>Ous trencats amb pernil ib\u00e8ric 100% i foie.  <em>18,5 \u20ac<\/em><\/p>\n<\/div><\/div>\n<\/div>\n\n\n\n<div class=\"wp-block-column is-layout-flow wp-block-column-is-layout-flow\">\n<div class=\"wp-block-cover aligncenter carta has-theme-palette-3-color has-text-color has-link-color wp-elements-67459879512173237dff01efd6d7e070\"><span aria-hidden=\"true\" class=\"wp-block-cover__background has-theme-palette-9-background-color has-background-dim-90 has-background-dim\"><\/span><div class=\"wp-block-cover__inner-container is-layout-constrained wp-block-cover-is-layout-constrained\">\n<h2 class=\"wp-block-heading has-text-align-left has-theme-palette-1-color has-text-color has-link-color has-large-font-size wp-elements-c30f0f6910ec690668308830b4a13fe3\"><strong>Entrants<\/strong> <\/h2>\n\n\n\n<p>Taula de formatges artesanals <em>18,5 \u20ac<\/em><\/p>\n\n\n\n<p>Carpaccio d&#8217;Angus amb ruca, encenalls de parmes\u00e0 i tom\u00e0quets cherry.  <em>15,5 \u20ac<\/em><\/p>\n\n\n\n<p>Carpaccio de gambes amb caviar d&#8217;all negre i maionesa de wasabi.  <em>17,9 \u20ac<\/em><\/p>\n\n\n\n<p>T\u00e0rtar de salm\u00f3 marinat amb m\u00e0nec i alvocat.  <em>17,9 \u20ac<\/em><\/p>\n\n\n\n<p>Amanida tricolor amb alvocat, tom\u00e0quet i mozzarella de b\u00fafala.  <em>14,9 \u20ac<\/em><\/p>\n\n\n\n<p>Amanida t\u00e8bia de formatge de cabra amb fruits secs i vinagreta bals\u00e0mica de gerds.  <em>12,5 \u20ac<\/em><\/p>\n\n\n\n<p>Burrata amb tom\u00e0quets cherry confitats, vinagreta de festucs i alf\u00e0brega.  <em>16 \u20ac<\/em><\/p>\n\n\n\n<p>Camembert gratinat amb fruits secs i vinagreta bals\u00e0mica de gerds.  <em>11,5 \u20ac<\/em><\/p>\n\n\n\n<p>Salm\u00f3 marinat amb crem\u00f3s al mascarpone i torradetes de pa.  <em>19,5 \u20ac<\/em><\/p>\n\n\n\n<p>Matrimoni d&#8217;anxoves i seitons.  <em>13 \u20ac<\/em><\/p>\n\n\n\n<p>Salmorejo andal\u00fas amb encenalls de pernil cruixent i ou dur ratllat.  <em>9,5 \u20ac<\/em><\/p>\n\n\n\n<h2 class=\"wp-block-heading has-text-align-left has-theme-palette-1-color has-text-color has-link-color has-large-font-size wp-elements-28a7d3c797c33f344ad8ee5849bfe704\"><strong>Principals<\/strong><\/h2>\n\n\n\n<p>Maxi canel\u00f3 d&#8217;\u00e0nec confitat amb t\u00f2fona i foie gratinat amb formatge gruyere.  <em>18,5 \u20ac<\/em><\/p>\n\n\n\n<p>Bacall\u00e0 de Sant Sebasti\u00e0 gratinat amb mussolina de festucs.  <em>22 \u20ac<\/em><\/p>\n\n\n\n<p>Pota de pop a la brasa amb crem\u00f3s de patata.  <em>24 \u20ac<\/em><\/p>\n\n\n\n<p>Chulet\u00f3 de vaca madurada llom baix en tataki a la brasa (400 gr).  <em>23 \u20ac<\/em><\/p>\n\n\n\n<p>Chulet\u00f3 de llom alt de vaca gallega 1 kg a la brasa amb pedra calenta.  <em>66 \u20ac<\/em><\/p>\n\n\n\n<p>T-bone a la brasa amb tataki amb pedra calenta.  <em>48 \u20ac<\/em><\/p>\n\n\n\n<p>Filet de vaca a la brasa amb foie i crem\u00f3s de patata.  <em>28 \u20ac<\/em><\/p>\n\n\n\n<p>Cuixa i contra-cuixa de pollastre desossat i marinat a la brasa.  <em>15,5 \u20ac<\/em><\/p>\n<\/div><\/div>\n<\/div>\n<\/div>\n<\/div><\/div>\n\n<div class=\"wp-block-cover aligncenter is-light carta\"><span aria-hidden=\"true\" class=\"wp-block-cover__background has-theme-palette-1-background-color has-background-dim-0 has-background-dim\"><\/span><div class=\"wp-block-cover__inner-container is-layout-constrained wp-block-cover-is-layout-constrained\">\n<div class=\"wp-block-columns is-layout-flex wp-container-core-columns-is-layout-9d6595d7 wp-block-columns-is-layout-flex\">\n<div class=\"wp-block-column is-layout-flow wp-block-column-is-layout-flow\">\n<div class=\"wp-block-cover aligncenter carta has-theme-palette-3-color has-text-color has-link-color wp-elements-78c60b55e601fff1b751bfb7380ab360\"><span aria-hidden=\"true\" class=\"wp-block-cover__background has-theme-palette-9-background-color has-background-dim-90 has-background-dim\"><\/span><div class=\"wp-block-cover__inner-container is-layout-constrained wp-block-cover-is-layout-constrained\">\n<h2 class=\"wp-block-heading has-text-align-left has-theme-palette-1-color has-text-color has-link-color has-large-font-size wp-elements-6256ea1b1c86f9cf23836b555c01bb4f\"><strong>Arrossos<\/strong><\/h2>\n\n\n\n<p>Arr\u00f2s de mitjana gallec en tataki a l&#8217;estil del galliner.  <em>26 \u20ac<\/em><\/p>\n\n\n\n<p>Arr\u00f2s de pop amb carxofa a la brasa i salsa romesco.  <em>23,5 \u20ac<\/em><\/p>\n\n\n\n<p>Arr\u00f2s de gamba vermella de Tarragona amb zamburinyes a la brasa.  <em>22,5 \u20ac<\/em><\/p>\n\n\n\n<p>Arr\u00f2s negre amb calamar baby i gamba vermella de Tarragona.  <em>22,5 \u20ac<\/em><\/p>\n\n\n\n<p>Arr\u00f2s veg\u00e0 amb verduretes de temporada i carxofes a la brasa.  <em>19 \u20ac<\/em><\/p>\n\n\n\n<h2 class=\"wp-block-heading has-text-align-left has-theme-palette-1-color has-text-color has-link-color has-large-font-size wp-elements-3cc85fca0d7a1d935cd53e3e8f95ed04\"><strong>Guarnicions<\/strong><\/h2>\n\n\n\n<p><strong>Panotxa a la brasa <em>4 \u20ac<\/em><\/strong><\/p>\n\n\n\n<p><strong>Patata al caliu <em>4 \u20ac<\/em><\/strong><\/p>\n\n\n\n<p><strong>Patata fregida natural <em>4 \u20ac<\/em><\/strong><\/p>\n\n\n\n<p><strong>Verdures al teriyaki <em>4 \u20ac<\/em><\/strong><\/p>\n\n\n\n<p><strong>Pebrots del padr\u00f3 <em>4 \u20ac<\/em><\/strong><\/p>\n\n\n\n<h2 class=\"wp-block-heading has-text-align-left has-theme-palette-1-color has-text-color has-link-color has-large-font-size wp-elements-a2f7dd87e051fb4565fd8a4cbc61465e\"><strong>Salses<\/strong><\/h2>\n\n\n\n<p><strong>Panotxa a la brasa <em>4 \u20ac<\/em><\/strong><\/p>\n\n\n\n<p><strong>Patata al caliu <em>4 \u20ac<\/em><\/strong><\/p>\n\n\n\n<p><strong>Patata fregida natural <em>4 \u20ac<\/em><\/strong><\/p>\n\n\n\n<p><strong>Verdures al teriyaki <em>4 \u20ac<\/em><\/strong><\/p>\n\n\n\n<p><strong>Pebrots del padr\u00f3 <em>4 \u20ac<\/em><\/strong><\/p>\n<\/div><\/div>\n<\/div>\n\n\n\n<div class=\"wp-block-column is-layout-flow wp-block-column-is-layout-flow\">\n<div class=\"wp-block-cover aligncenter carta has-theme-palette-3-color has-text-color has-link-color wp-elements-6f24cc011657613f3680664eff8d1808\"><span aria-hidden=\"true\" class=\"wp-block-cover__background has-theme-palette-9-background-color has-background-dim-90 has-background-dim\"><\/span><div class=\"wp-block-cover__inner-container is-layout-constrained wp-block-cover-is-layout-constrained\">\n<h2 class=\"wp-block-heading has-text-align-left has-theme-palette-1-color has-text-color has-link-color has-large-font-size wp-elements-32141753865d6c792e17c09f983d19e3\"><strong>Postres<\/strong><\/h2>\n\n\n\n<p>Torrija de pa brioix caramel\u00b7litzada amb gelat de torr\u00f3 i canyella.  <em>6,5 \u20ac<\/em><\/p>\n\n\n\n<p>Past\u00eds de formatge crem\u00f3s a l&#8217;estil del Galliner.  <em>6,5 \u20ac<\/em><\/p>\n\n\n\n<p>Coulant de xocolata amb gelat de vainilla de Madagascar.  <em>6,5 \u20ac<\/em><\/p>\n\n\n\n<p>Taula de formatges artesanals.  <em>18,5 \u20ac<\/em><\/p>\n\n\n\n<p>\u201cMira Mamma\u201c UN OU! De vainilla i xocolata blanca amb rovell de m\u00e0nec i maracui\u00e0 en salsa anglesa.   <em>10 \u20ac<\/em><\/p>\n\n\n\n<p>Pinya caramel\u00b7litzada a la brasa amb gelat de coco tropical.  <em>6,5 \u20ac<\/em><\/p>\n\n\n\n<p>Gelats per boles. <em>3 \u20ac<\/em> bola<\/p>\n\n\n\n<p class=\"has-small-font-size\">Xocolata \/ vainilla \/ torr\u00f3 \/ coco<\/p>\n\n\n\n<p>Sorbet de llimona al cava.  <em>4,5 \u20ac<\/em><\/p>\n<\/div><\/div>\n<\/div>\n<\/div>\n<\/div><\/div>\n","protected":false},"excerpt":{"rendered":"","protected":false},"author":1,"featured_media":0,"parent":0,"menu_order":0,"comment_status":"closed","ping_status":"closed","template":"","meta":{"_kad_post_transparent":"","_kad_post_title":"","_kad_post_layout":"","_kad_post_sidebar_id":"","_kad_post_content_style":"","_kad_post_vertical_padding":"","_kad_post_feature":"","_kad_post_feature_position":"","_kad_post_header":false,"_kad_post_footer":false,"_kad_post_classname":"","footnotes":""},"class_list":["post-427","page","type-page","status-publish","hentry"],"_links":{"self":[{"href":"https:\/\/elgallinerdelantiquari.net\/ca\/wp-json\/wp\/v2\/pages\/427","targetHints":{"allow":["GET"]}}],"collection":[{"href":"https:\/\/elgallinerdelantiquari.net\/ca\/wp-json\/wp\/v2\/pages"}],"about":[{"href":"https:\/\/elgallinerdelantiquari.net\/ca\/wp-json\/wp\/v2\/types\/page"}],"author":[{"embeddable":true,"href":"https:\/\/elgallinerdelantiquari.net\/ca\/wp-json\/wp\/v2\/users\/1"}],"replies":[{"embeddable":true,"href":"https:\/\/elgallinerdelantiquari.net\/ca\/wp-json\/wp\/v2\/comments?post=427"}],"version-history":[{"count":7,"href":"https:\/\/elgallinerdelantiquari.net\/ca\/wp-json\/wp\/v2\/pages\/427\/revisions"}],"predecessor-version":[{"id":1066,"href":"https:\/\/elgallinerdelantiquari.net\/ca\/wp-json\/wp\/v2\/pages\/427\/revisions\/1066"}],"wp:attachment":[{"href":"https:\/\/elgallinerdelantiquari.net\/ca\/wp-json\/wp\/v2\/media?parent=427"}],"curies":[{"name":"wp","href":"https:\/\/api.w.org\/{rel}","templated":true}]}}