{"id":425,"date":"2024-12-21T12:23:28","date_gmt":"2024-12-21T11:23:28","guid":{"rendered":"https:\/\/elgallinerdelantiquari.net\/politica-de-reemborsament\/"},"modified":"2024-12-27T09:25:37","modified_gmt":"2024-12-27T08:25:37","slug":"politica-de-reemborsament","status":"publish","type":"page","link":"https:\/\/elgallinerdelantiquari.net\/ca\/politica-de-reemborsament\/","title":{"rendered":"Pol\u00edtica de reemborsament"},"content":{"rendered":"\n<p>Esta pol\u00edtica de reembolsos establece las condiciones y t\u00e9rminos para solicitar reembolsos en nuestro sitio web. El t\u00e9rmino &#8220;nosotros&#8221; o &#8220;el Titular&#8221; se refiere al propietario del sitio web.<\/p>\n\n<ol class=\"wp-block-list\">\n<li><strong>Condiciones para Reservas 1-7 Personas<\/strong>:\n<ul class=\"wp-block-list\">\n<li>Podr\u00e1 cancelar o modificar la fecha de su reserva sin cargo alguno hasta 3 horas antes de la reserva.<\/li>\n\n\n\n<li>Si se cancela la reserva con menos de 3 horas de antelaci\u00f3n, se aplicar\u00e1 una penalizaci\u00f3n de <strong>10\u20ac por comensal<\/strong>.<\/li>\n\n\n\n<li>Los cambios de n\u00famero de comensales deben realizarse <strong>3 horas antes de la reserva<\/strong>.<\/li>\n\n\n\n<li>La no asistencia o llegada con m\u00e1s de 15 minutos de retraso sin previo aviso se considerar\u00e1 una cancelaci\u00f3n fuera del plazo establecido, perdiendo la reserva y aplicando una penalizaci\u00f3n de <strong>10\u20ac por comensal<\/strong>.<\/li>\n<\/ul>\n<\/li>\n\n\n\n<li><strong>Condiciones para Reservas con Grupos (M\u00e1s de 7 Personas)<\/strong>:\n<ul class=\"wp-block-list\">\n<li>Podr\u00e1 cancelar o modificar la fecha de su reserva sin cargo alguno hasta <strong>72 horas antes de la reserva<\/strong>.<\/li>\n\n\n\n<li>Una vez superado este plazo, no ser\u00e1 posible realizar cambios.<\/li>\n\n\n\n<li>Los cambios de n\u00famero de comensales deben realizarse <strong>3 horas antes de la reserva<\/strong>.<\/li>\n\n\n\n<li>En los grupos con men\u00fas concordados, la <strong>ausencia a \u00faltima hora<\/strong> se cobrar\u00e1 <strong>el 50% del precio del men\u00fa<\/strong>.<\/li>\n\n\n\n<li>La no asistencia o llegada con m\u00e1s de 15 minutos de retraso sin previo aviso se considerar\u00e1 una cancelaci\u00f3n fuera del plazo establecido, perdiendo la reserva y aplicando una penalizaci\u00f3n del total del dinero pagado en el caso de eventos con pago previo.<\/li>\n<\/ul>\n<\/li>\n\n\n\n<li><strong>Condiciones para Reservas con Vale Regalo<\/strong>:\n<ul class=\"wp-block-list\">\n<li>En las reservas con vale regalo, la no asistencia se considerar\u00e1 el vale regalo \u00edntegro como consumido, perdiendo el derecho a usarlo en futuras reservas.<\/li>\n<\/ul>\n<\/li>\n\n\n\n<li><strong>Condiciones para Cancelaci\u00f3n de Eventos y Reservas con Dep\u00f3sitos<\/strong>:\n<ul class=\"wp-block-list\">\n<li>Podr\u00e1 cancelar o modificar la fecha de su reserva sin cargo alguno hasta <strong>24 horas antes de la reserva<\/strong>.<\/li>\n\n\n\n<li>Una vez superado este plazo, no ser\u00e1 posible realizar cambios.<\/li>\n\n\n\n<li>Los cambios de n\u00famero de comensales deben realizarse <strong>3 horas antes de la reserva<\/strong>.<\/li>\n\n\n\n<li>La no asistencia o llegada con m\u00e1s de 15 minutos de retraso sin previo aviso se considerar\u00e1 una cancelaci\u00f3n fuera del plazo establecido, perdiendo la reserva y aplicando una penalizaci\u00f3n del total del dinero pagado en el caso de eventos con pago previo.<\/li>\n<\/ul>\n<\/li>\n\n\n\n<li><strong>Validez de Cheques Regalo<\/strong>:\n<ul class=\"wp-block-list\">\n<li>La validez de los cheques regalo es de <strong>6 meses<\/strong> a partir de la fecha de compra.<\/li>\n\n\n\n<li>Si se presenta o cancela la reserva con menos de <strong>12 horas de antelaci\u00f3n<\/strong>, el vale regalo se considerar\u00e1 consumido.<\/li>\n<\/ul>\n<\/li>\n\n\n\n<li><strong>Cambios y Anulaciones de Compras<\/strong>:\n<ul class=\"wp-block-list\">\n<li>Para cualquier cambio o anulaci\u00f3n de la compra, dispone de <strong>7 d\u00edas naturales<\/strong> a partir de la finalizaci\u00f3n de la compra para solicitar el reembolso.<\/li>\n\n\n\n<li>Nos reservamos el derecho de modificar esta pol\u00edtica de reembolsos para adaptarla a cambios legislativos o pr\u00e1cticas de la industria. Se recomienda revisar peri\u00f3dicamente esta p\u00e1gina para estar al tanto de las actualizaciones.<\/li>\n<\/ul>\n<\/li>\n\n\n\n<li><strong>Edad M\u00ednima para la Venta<\/strong>:\n<ul class=\"wp-block-list\">\n<li>S\u00f3lo est\u00e1 permitida la venta a mayores de edad.<\/li>\n<\/ul>\n<\/li>\n\n\n\n<li><strong>Responsabilidad del Comercio<\/strong>:\n<ul class=\"wp-block-list\">\n<li>El comercio es responsable y conoce la legislaci\u00f3n vigente de los pa\u00edses a los que env\u00eda los productos o realiza los servicios.<\/li>\n<\/ul>\n<\/li>\n\n\n\n<li><strong>Aceptaci\u00f3n de Condiciones por el Titular de la Tarjeta<\/strong>:\n<ul class=\"wp-block-list\">\n<li>El titular de la tarjeta tiene conocimiento y acepta las condiciones establecidas por el comercio.<\/li>\n<\/ul>\n<\/li>\n<\/ol>\n","protected":false},"excerpt":{"rendered":"<p>Esta pol\u00edtica de reembolsos establece las condiciones y t\u00e9rminos para solicitar reembolsos en nuestro sitio web. El t\u00e9rmino &#8220;nosotros&#8221; o &#8220;el Titular&#8221; se refiere al propietario del sitio web.<\/p>\n","protected":false},"author":1,"featured_media":0,"parent":0,"menu_order":0,"comment_status":"closed","ping_status":"closed","template":"","meta":{"_kad_post_transparent":"","_kad_post_title":"","_kad_post_layout":"","_kad_post_sidebar_id":"","_kad_post_content_style":"","_kad_post_vertical_padding":"","_kad_post_feature":"","_kad_post_feature_position":"","_kad_post_header":false,"_kad_post_footer":false,"_kad_post_classname":"","footnotes":""},"class_list":["post-425","page","type-page","status-publish","hentry"],"_links":{"self":[{"href":"https:\/\/elgallinerdelantiquari.net\/ca\/wp-json\/wp\/v2\/pages\/425","targetHints":{"allow":["GET"]}}],"collection":[{"href":"https:\/\/elgallinerdelantiquari.net\/ca\/wp-json\/wp\/v2\/pages"}],"about":[{"href":"https:\/\/elgallinerdelantiquari.net\/ca\/wp-json\/wp\/v2\/types\/page"}],"author":[{"embeddable":true,"href":"https:\/\/elgallinerdelantiquari.net\/ca\/wp-json\/wp\/v2\/users\/1"}],"replies":[{"embeddable":true,"href":"https:\/\/elgallinerdelantiquari.net\/ca\/wp-json\/wp\/v2\/comments?post=425"}],"version-history":[{"count":1,"href":"https:\/\/elgallinerdelantiquari.net\/ca\/wp-json\/wp\/v2\/pages\/425\/revisions"}],"predecessor-version":[{"id":426,"href":"https:\/\/elgallinerdelantiquari.net\/ca\/wp-json\/wp\/v2\/pages\/425\/revisions\/426"}],"wp:attachment":[{"href":"https:\/\/elgallinerdelantiquari.net\/ca\/wp-json\/wp\/v2\/media?parent=425"}],"curies":[{"name":"wp","href":"https:\/\/api.w.org\/{rel}","templated":true}]}}