{"id":412,"date":"2024-12-19T08:03:40","date_gmt":"2024-12-19T07:03:40","guid":{"rendered":"https:\/\/elgallinerdelantiquari.net\/contacte\/"},"modified":"2025-10-29T11:01:18","modified_gmt":"2025-10-29T10:01:18","slug":"contacto","status":"publish","type":"page","link":"https:\/\/elgallinerdelantiquari.net\/ca\/contacto\/","title":{"rendered":"Contacte"},"content":{"rendered":"\n<div class=\"wp-block-cover is-light has-parallax\" style=\"min-height:100vh;aspect-ratio:unset;\"><div class=\"wp-block-cover__image-background wp-image-335 has-parallax\" style=\"background-position:50% 50%;background-image:url(https:\/\/elgallinerdelantiquari.net\/wp-content\/uploads\/2024\/12\/WhatsApp-Image-2024-12-27-at-08.52.49.jpeg)\"><\/div><span aria-hidden=\"true\" class=\"wp-block-cover__background has-background-dim-0 has-background-dim\" style=\"background-color:#9f876a\"><\/span><div class=\"wp-block-cover__inner-container is-layout-constrained wp-block-cover-is-layout-constrained\">\n<h2 class=\"wp-block-heading alignwide has-text-align-center has-theme-palette-9-color has-text-color has-link-color has-large-font-size wp-elements-9080b570195bc852576a9f5831e6adc4\">CONTACTA AMB EL GALLINER  <\/h2>\n\n\n\n<p class=\"has-text-align-center has-theme-palette-9-color has-text-color has-link-color has-medium-font-size wp-elements-2524aeb31d2ade3cb2aa0deb314d5aa2\">Si teniu qualsevol dubte o consulta podeu fer-ho a trav\u00e9s del seg\u00fcent formulari de contacte o l&#8217;e-mail que posem a la vostra disposici\u00f3, estarem encantats d&#8217;atendre&#8217;t.<\/p>\n<\/div><\/div>\n\n\n\n<div class=\"wp-block-cover contacto has-theme-palette-3-color has-text-color has-link-color wp-elements-8220f976bb031641eca8185417bddd1d\" style=\"min-height:100vh;aspect-ratio:unset;\"><span aria-hidden=\"true\" class=\"wp-block-cover__background has-theme-palette-9-background-color has-background-dim-100 has-background-dim\"><\/span><div class=\"wp-block-cover__inner-container is-layout-constrained wp-block-cover-is-layout-constrained\">\n<div class=\"wp-block-columns alignwide is-layout-flex wp-container-core-columns-is-layout-9d6595d7 wp-block-columns-is-layout-flex\">\n<div class=\"wp-block-column is-vertically-aligned-center has-theme-palette-3-color has-text-color has-link-color wp-elements-0daef34a619bb1a8b529a5ae6f0b7371 is-layout-flow wp-block-column-is-layout-flow\">\n<div class=\"wp-block-buttons is-content-justification-center is-layout-flex wp-container-core-buttons-is-layout-16018d1d wp-block-buttons-is-layout-flex\">\n<div class=\"wp-block-button\"><a class=\"wp-block-button__link wp-element-button\" href=\"https:\/\/www.google.com\/maps\/place\/\/data=!4m2!3m1!1s0x12a3fcd23bc72315:0xfe49aed5ee8bd922?sa=X&amp;ved=1t:8290&amp;ictx=111\">COM ARRIBAR-HI?<\/a><\/div>\n\n\n\n<div class=\"wp-block-button\"><a class=\"wp-block-button__link wp-element-button\" href=\"tel:633092448\">671477099<\/a><\/div>\n\n\n<\/div>\n\n\n\n<h2 class=\"wp-block-heading has-text-align-left\"><strong><em>Horaris:  <\/em><\/strong><\/h2>\n\n\n\n<ul class=\"wp-block-list has-small-font-size\">\n<li><strong>Dilluns<\/strong> : 13:00\u201316:00, 20:00\u201300:00<\/li>\n\n\n\n<li><strong>Dimarts<\/strong> : 13:00\u201316:00, 20:00\u201300:00<\/li>\n\n\n\n<li><strong>Dimecres<\/strong> : Tancat<\/li>\n\n\n\n<li><strong>Dijous<\/strong> : 13:00\u201316:00, 20:00\u201300:00<\/li>\n\n\n\n<li><strong>Divendres<\/strong> : 13:00\u201316:00, 20:00\u201300:00<\/li>\n\n\n\n<li><strong>Dissabte<\/strong> : 13:00\u201316:00, 20:00\u201300:00<\/li>\n\n\n\n<li><strong>Diumenge<\/strong> : 13:00\u201316:00, 20:00\u201300:00<\/li>\n<\/ul>\n<\/div>\n\n\n\n<div class=\"wp-block-column is-vertically-aligned-center is-layout-flow wp-block-column-is-layout-flow\"><p class=\"wpcf7-contact-form-not-found\"><strong>Error:<\/strong> No s&#039;ha trobat el formulari de contacte.<\/p>\n<\/div>\n<\/div>\n<\/div><\/div>\n\n\n\n<iframe src=\"https:\/\/www.google.com\/maps\/embed?pb=!1m18!1m12!1m3!1d3005.785100963084!2d1.2561549122714324!3d41.117384171215804!2m3!1f0!2f0!3f0!3m2!1i1024!2i768!4f13.1!3m3!1m2!1s0x12a3fcd23bc72315%3A0xfe49aed5ee8bd922!2sEl%20Galliner%20de%20l'Antiquari!5e0!3m2!1ses!2ses!4v1734532973413!5m2!1ses!2ses\" width=\"100%\" height=\"450\" style=\"border:0;\" allowfullscreen=\"\" loading=\"lazy\" referrerpolicy=\"no-referrer-when-downgrade\"><\/iframe>\n","protected":false},"excerpt":{"rendered":"","protected":false},"author":1,"featured_media":0,"parent":0,"menu_order":0,"comment_status":"closed","ping_status":"closed","template":"","meta":{"_kad_post_transparent":"","_kad_post_title":"","_kad_post_layout":"","_kad_post_sidebar_id":"","_kad_post_content_style":"","_kad_post_vertical_padding":"","_kad_post_feature":"","_kad_post_feature_position":"","_kad_post_header":false,"_kad_post_footer":false,"_kad_post_classname":"","footnotes":""},"class_list":["post-412","page","type-page","status-publish","hentry"],"_links":{"self":[{"href":"https:\/\/elgallinerdelantiquari.net\/ca\/wp-json\/wp\/v2\/pages\/412","targetHints":{"allow":["GET"]}}],"collection":[{"href":"https:\/\/elgallinerdelantiquari.net\/ca\/wp-json\/wp\/v2\/pages"}],"about":[{"href":"https:\/\/elgallinerdelantiquari.net\/ca\/wp-json\/wp\/v2\/types\/page"}],"author":[{"embeddable":true,"href":"https:\/\/elgallinerdelantiquari.net\/ca\/wp-json\/wp\/v2\/users\/1"}],"replies":[{"embeddable":true,"href":"https:\/\/elgallinerdelantiquari.net\/ca\/wp-json\/wp\/v2\/comments?post=412"}],"version-history":[{"count":13,"href":"https:\/\/elgallinerdelantiquari.net\/ca\/wp-json\/wp\/v2\/pages\/412\/revisions"}],"predecessor-version":[{"id":1103,"href":"https:\/\/elgallinerdelantiquari.net\/ca\/wp-json\/wp\/v2\/pages\/412\/revisions\/1103"}],"wp:attachment":[{"href":"https:\/\/elgallinerdelantiquari.net\/ca\/wp-json\/wp\/v2\/media?parent=412"}],"curies":[{"name":"wp","href":"https:\/\/api.w.org\/{rel}","templated":true}]}}