{"id":410,"date":"2024-12-19T12:20:42","date_gmt":"2024-12-19T11:20:42","guid":{"rendered":"https:\/\/elgallinerdelantiquari.net\/menu-nadal-i-sant-esteven\/"},"modified":"2025-09-28T18:23:58","modified_gmt":"2025-09-28T16:23:58","slug":"menu-navidad-y-san-esteban","status":"publish","type":"page","link":"https:\/\/elgallinerdelantiquari.net\/ca\/menu-navidad-y-san-esteban\/","title":{"rendered":"MEN\u00da XULET\u00d3 SIDRERIA"},"content":{"rendered":"\n<div class=\"wp-block-cover has-parallax\" style=\"min-height:426px;aspect-ratio:unset;\"><span aria-hidden=\"true\" class=\"wp-block-cover__background has-theme-palette-9-background-color has-background-dim-80 has-background-dim\"><\/span><div class=\"wp-block-cover__image-background wp-image-329 has-parallax\" style=\"background-position:50% 50%;background-image:url(https:\/\/elgallinerdelantiquari.net\/wp-content\/uploads\/2024\/12\/WhatsApp-Image-2024-12-27-at-08.49.43.jpeg)\"><\/div><div class=\"wp-block-cover__inner-container is-layout-constrained wp-block-cover-is-layout-constrained\">\n<p class=\"has-text-align-center\"><\/p>\n<\/div><\/div>\n\n<div class=\"wp-block-cover aligncenter has-theme-palette-3-color has-text-color has-link-color wp-elements-c2fa46348f7b744c098b553f989cd242\"><span aria-hidden=\"true\" class=\"wp-block-cover__background has-theme-palette-9-background-color has-background-dim-90 has-background-dim\"><\/span><div class=\"wp-block-cover__inner-container is-layout-constrained wp-block-cover-is-layout-constrained\">\n<h2 class=\"wp-block-heading has-text-align-center has-theme-palette-2-color has-text-color has-link-color wp-elements-afad2e5c83ed27a0281d6fa68440b1c7\">Men\u00fa chulet\u00f3n<\/h2>\n\n\n\n<p class=\"has-text-align-center\"><em>M\u00cdNIM 2 PERSONES<\/em> <\/p>\n\n\n\n<p class=\"has-text-align-center has-large-font-size\"><em>Aperitius de benvinguda<\/em><\/p>\n\n\n\n<p class=\"has-text-align-center\">Croquetes de Pulled-Pork a la brasa amb maig-kimchi<\/p>\n\n\n\n<p class=\"has-text-align-center has-large-font-size\"><em>Entrants a compartir<\/em><\/p>\n\n\n\n<p class=\"has-text-align-center\">Taula mixta de pernil ib\u00e8ric 100% amb formatge<\/p>\n\n\n\n<p class=\"has-text-align-center\">Pa amb tom\u00e0quet i allioli<\/p>\n\n\n\n<p class=\"has-text-align-center\">Torreznos de Soria amb pebrots del padr\u00f3<\/p>\n\n\n\n<p class=\"has-text-align-center has-large-font-size\">Segons <em>a escollir<\/em> (m\u00ednim 2 persones)<\/p>\n\n\n\n<p class=\"has-text-align-center\">Chulet\u00f3n 1kg de Vaca Gallega madurada 30 dies a la brasa amb patates fregides naturals Arr\u00f2s de chulet\u00f3n madurat amb tataki a l&#8217;estil \u201cGalliner\u201d<\/p>\n\n\n\n<p class=\"has-text-align-center has-large-font-size\"><em>Postres a escollir<\/em><\/p>\n\n\n\n<p class=\"has-text-align-center\">Past\u00eds de formatge amb crumble i fruits vermells<\/p>\n\n\n\n<p class=\"has-text-align-center\">Torrija brioix de tres llets caramel\u00b7litzada amb gelat de llet merengada<\/p>\n\n\n\n<hr class=\"wp-block-separator has-alpha-channel-opacity is-style-wide\"\/>\n\n\n\n<p class=\"has-text-align-center has-small-font-size\">Una ampolla de vi o una gerra de sagnia de vi o 2 begudes per persona (Aigua, refresc o canya\/canya).<\/p>\n\n\n\n<p class=\"has-text-align-center has-large-font-size\"><strong>45\u20ac<\/strong><\/p>\n\n\n\n<p class=\"has-text-align-center has-small-font-size\">Pp IVA incl\u00f2s<\/p>\n<\/div><\/div>\n\n<p class=\"has-text-align-center\"><strong>Reserva la teva taula al<\/strong> : <a href=\"tel:633092448\">633092448<\/a><\/p>\n\n<p><\/p>\n","protected":false},"excerpt":{"rendered":"<p>Reserva la teva taula al : 633092448<\/p>\n","protected":false},"author":1,"featured_media":0,"parent":0,"menu_order":0,"comment_status":"closed","ping_status":"closed","template":"","meta":{"_kad_post_transparent":"","_kad_post_title":"","_kad_post_layout":"","_kad_post_sidebar_id":"","_kad_post_content_style":"","_kad_post_vertical_padding":"","_kad_post_feature":"","_kad_post_feature_position":"","_kad_post_header":false,"_kad_post_footer":false,"_kad_post_classname":"","footnotes":""},"class_list":["post-410","page","type-page","status-publish","hentry"],"_links":{"self":[{"href":"https:\/\/elgallinerdelantiquari.net\/ca\/wp-json\/wp\/v2\/pages\/410","targetHints":{"allow":["GET"]}}],"collection":[{"href":"https:\/\/elgallinerdelantiquari.net\/ca\/wp-json\/wp\/v2\/pages"}],"about":[{"href":"https:\/\/elgallinerdelantiquari.net\/ca\/wp-json\/wp\/v2\/types\/page"}],"author":[{"embeddable":true,"href":"https:\/\/elgallinerdelantiquari.net\/ca\/wp-json\/wp\/v2\/users\/1"}],"replies":[{"embeddable":true,"href":"https:\/\/elgallinerdelantiquari.net\/ca\/wp-json\/wp\/v2\/comments?post=410"}],"version-history":[{"count":12,"href":"https:\/\/elgallinerdelantiquari.net\/ca\/wp-json\/wp\/v2\/pages\/410\/revisions"}],"predecessor-version":[{"id":1091,"href":"https:\/\/elgallinerdelantiquari.net\/ca\/wp-json\/wp\/v2\/pages\/410\/revisions\/1091"}],"wp:attachment":[{"href":"https:\/\/elgallinerdelantiquari.net\/ca\/wp-json\/wp\/v2\/media?parent=410"}],"curies":[{"name":"wp","href":"https:\/\/api.w.org\/{rel}","templated":true}]}}