{"id":404,"date":"2024-12-19T08:00:35","date_gmt":"2024-12-19T07:00:35","guid":{"rendered":"https:\/\/elgallinerdelantiquari.net\/el-galliner\/"},"modified":"2024-12-27T09:49:10","modified_gmt":"2024-12-27T08:49:10","slug":"el-galliner","status":"publish","type":"page","link":"https:\/\/elgallinerdelantiquari.net\/ca\/el-galliner\/","title":{"rendered":"El Galliner"},"content":{"rendered":"\n<div class=\"wp-block-cover is-light has-parallax\" style=\"min-height:100vh;aspect-ratio:unset;\"><span aria-hidden=\"true\" class=\"wp-block-cover__background has-background-dim-0 has-background-dim\" style=\"background-color:#bd9878\"><\/span><div class=\"wp-block-cover__image-background wp-image-339 has-parallax\" style=\"background-position:50% 50%;background-image:url(https:\/\/elgallinerdelantiquari.net\/wp-content\/uploads\/2024\/12\/galliner.webp)\"><\/div><div class=\"wp-block-cover__inner-container is-layout-constrained wp-block-cover-is-layout-constrained\">\n<h2 class=\"wp-block-heading alignwide has-text-align-center has-theme-palette-9-color has-text-color has-link-color has-large-font-size wp-elements-569f02b6a40fdcbc467dc86aabeac22d\">EL GALLINER DE L&#8217;ANTIQUARI<\/h2>\n\n\n\n<p class=\"has-text-align-center has-theme-palette-9-color has-text-color has-link-color has-medium-font-size wp-elements-1ea319d89df61e15c69dad91c2b8bcd6\">Coneix millor el restaurant El Galliner de l&#8217;Antiquari.<br><\/p>\n<\/div><\/div>\n\n\n\n<div class=\"wp-block-cover\"><span aria-hidden=\"true\" class=\"wp-block-cover__background has-theme-palette-9-background-color has-background-dim-100 has-background-dim\"><\/span><div class=\"wp-block-cover__inner-container is-layout-constrained wp-block-cover-is-layout-constrained\">\n<p class=\"has-text-align-center has-large-font-size\"><\/p>\n\n\n\n<div class=\"wp-block-media-text is-stacked-on-mobile has-theme-palette-3-color has-text-color has-link-color wp-elements-3728c5917af244027057d0751a441c9a\"><figure class=\"wp-block-media-text__media\"><img loading=\"lazy\" decoding=\"async\" width=\"576\" height=\"1024\" src=\"https:\/\/elgallinerdelantiquari.net\/wp-content\/uploads\/2024\/12\/TYMUR_DUKA-576x1024.webp\" alt=\"\" class=\"wp-image-337 size-full\" srcset=\"https:\/\/elgallinerdelantiquari.net\/wp-content\/uploads\/2024\/12\/TYMUR_DUKA-576x1024.webp 576w, https:\/\/elgallinerdelantiquari.net\/wp-content\/uploads\/2024\/12\/TYMUR_DUKA-169x300.webp 169w, https:\/\/elgallinerdelantiquari.net\/wp-content\/uploads\/2024\/12\/TYMUR_DUKA-768x1365.webp 768w, https:\/\/elgallinerdelantiquari.net\/wp-content\/uploads\/2024\/12\/TYMUR_DUKA-864x1536.webp 864w, https:\/\/elgallinerdelantiquari.net\/wp-content\/uploads\/2024\/12\/TYMUR_DUKA.webp 1080w\" sizes=\"auto, (max-width: 576px) 100vw, 576px\" \/><\/figure><div class=\"wp-block-media-text__content\">\n<p class=\"has-large-font-size\" style=\"line-height:1.1\">El Galliner de l&#8217;Antiquari \u00e9s un restaurant a Tarragona que ofereix una experi\u00e8ncia culin\u00e0ria excepcional, fusionant la tradici\u00f3 gastron\u00f2mica catalana amb t\u00e8cniques modernes i una presentaci\u00f3 impecable.<\/p>\n\n\n\n<p>Sota la direcci\u00f3 del xef Tymur Duka, el restaurant s\u2019ha consolidat com un referent a la ciutat.<\/p>\n\n\n\n<p>Tymur Duka \u00e9s un xef d\u2019origen ucra\u00efn\u00e8s-itali\u00e0 que, despr\u00e9s d\u2019enamorar-se de la gastronomia espanyola durant la seva estada a Espanya, va decidir emprendre el seu propi negoci d\u2019hostaleria a la ciutat.<\/p>\n\n\n\n<p>La seva passi\u00f3 per la cuina i la seva dedicaci\u00f3 a la innovaci\u00f3 culin\u00e0ria l\u2019han portat a explorar diverses tradicions gastron\u00f2miques, incorporant influ\u00e8ncies internacionals a les seves creacions.<\/p>\n\n\n\n<p>A El Galliner de l&#8217;Antiquari, el xef Duka lidera un equip comprom\u00e8s amb l\u2019excel\u00b7l\u00e8ncia, oferint una carta que destaca per la seva varietat i qualitat.<\/p>\n\n\n\n<p>Els comensals poden gaudir d\u2019una selecci\u00f3 de carns a la brasa, peixos frescos i una varietat d\u2019entrants i postres que reflecteixen la creativitat i la t\u00e8cnica del xef.<\/p>\n\n\n\n<p>L\u2019ambient del restaurant \u00e9s acollidor i elegant, amb una decoraci\u00f3 que combina elements tradicionals i contemporanis, creant un espai perfecte per gaudir d\u2019un \u00e0pat memorable.<\/p>\n\n\n\n<p>Tant si es tracta d\u2019un sopar \u00edntim, una celebraci\u00f3 especial o una reuni\u00f3 de negocis, El Galliner de l&#8217;Antiquari ofereix una experi\u00e8ncia gastron\u00f2mica que delectar\u00e0 tots els sentits.<\/p>\n<\/div><\/div>\n<\/div><\/div>\n\n\n\n<figure class=\"wp-block-gallery has-nested-images columns-default is-cropped wp-block-gallery-1 is-layout-flex wp-block-gallery-is-layout-flex\">\n<figure class=\"wp-block-image size-large\"><img loading=\"lazy\" decoding=\"async\" width=\"1024\" height=\"768\" data-id=\"335\" src=\"https:\/\/elgallinerdelantiquari.net\/wp-content\/uploads\/2024\/12\/WhatsApp-Image-2024-12-27-at-08.52.49-1024x768.jpeg\" alt=\"\" class=\"wp-image-335\" srcset=\"https:\/\/elgallinerdelantiquari.net\/wp-content\/uploads\/2024\/12\/WhatsApp-Image-2024-12-27-at-08.52.49-1024x768.jpeg 1024w, https:\/\/elgallinerdelantiquari.net\/wp-content\/uploads\/2024\/12\/WhatsApp-Image-2024-12-27-at-08.52.49-300x225.jpeg 300w, https:\/\/elgallinerdelantiquari.net\/wp-content\/uploads\/2024\/12\/WhatsApp-Image-2024-12-27-at-08.52.49-768x576.jpeg 768w, https:\/\/elgallinerdelantiquari.net\/wp-content\/uploads\/2024\/12\/WhatsApp-Image-2024-12-27-at-08.52.49-1536x1152.jpeg 1536w, https:\/\/elgallinerdelantiquari.net\/wp-content\/uploads\/2024\/12\/WhatsApp-Image-2024-12-27-at-08.52.49.jpeg 1600w\" sizes=\"auto, (max-width: 1024px) 100vw, 1024px\" \/><\/figure>\n\n\n\n<figure class=\"wp-block-image size-large\"><img loading=\"lazy\" decoding=\"async\" width=\"1024\" height=\"1024\" data-id=\"333\" src=\"https:\/\/elgallinerdelantiquari.net\/wp-content\/uploads\/2024\/12\/WhatsApp-Image-2024-12-27-at-08.52.02-1024x1024.jpeg\" alt=\"\" class=\"wp-image-333\" srcset=\"https:\/\/elgallinerdelantiquari.net\/wp-content\/uploads\/2024\/12\/WhatsApp-Image-2024-12-27-at-08.52.02-1024x1024.jpeg 1024w, https:\/\/elgallinerdelantiquari.net\/wp-content\/uploads\/2024\/12\/WhatsApp-Image-2024-12-27-at-08.52.02-300x300.jpeg 300w, https:\/\/elgallinerdelantiquari.net\/wp-content\/uploads\/2024\/12\/WhatsApp-Image-2024-12-27-at-08.52.02-150x150.jpeg 150w, https:\/\/elgallinerdelantiquari.net\/wp-content\/uploads\/2024\/12\/WhatsApp-Image-2024-12-27-at-08.52.02-768x768.jpeg 768w, https:\/\/elgallinerdelantiquari.net\/wp-content\/uploads\/2024\/12\/WhatsApp-Image-2024-12-27-at-08.52.02-1536x1536.jpeg 1536w, https:\/\/elgallinerdelantiquari.net\/wp-content\/uploads\/2024\/12\/WhatsApp-Image-2024-12-27-at-08.52.02.jpeg 1546w\" sizes=\"auto, (max-width: 1024px) 100vw, 1024px\" \/><\/figure>\n\n\n\n<figure class=\"wp-block-image size-large\"><img loading=\"lazy\" decoding=\"async\" width=\"1024\" height=\"1024\" data-id=\"331\" src=\"https:\/\/elgallinerdelantiquari.net\/wp-content\/uploads\/2024\/12\/WhatsApp-Image-2024-12-27-at-08.51.07-1024x1024.jpeg\" alt=\"\" class=\"wp-image-331\" srcset=\"https:\/\/elgallinerdelantiquari.net\/wp-content\/uploads\/2024\/12\/WhatsApp-Image-2024-12-27-at-08.51.07-1024x1024.jpeg 1024w, https:\/\/elgallinerdelantiquari.net\/wp-content\/uploads\/2024\/12\/WhatsApp-Image-2024-12-27-at-08.51.07-300x300.jpeg 300w, https:\/\/elgallinerdelantiquari.net\/wp-content\/uploads\/2024\/12\/WhatsApp-Image-2024-12-27-at-08.51.07-150x150.jpeg 150w, https:\/\/elgallinerdelantiquari.net\/wp-content\/uploads\/2024\/12\/WhatsApp-Image-2024-12-27-at-08.51.07-768x768.jpeg 768w, https:\/\/elgallinerdelantiquari.net\/wp-content\/uploads\/2024\/12\/WhatsApp-Image-2024-12-27-at-08.51.07-1536x1536.jpeg 1536w, https:\/\/elgallinerdelantiquari.net\/wp-content\/uploads\/2024\/12\/WhatsApp-Image-2024-12-27-at-08.51.07.jpeg 1600w\" sizes=\"auto, (max-width: 1024px) 100vw, 1024px\" \/><\/figure>\n\n\n\n<figure class=\"wp-block-image size-large\"><img loading=\"lazy\" decoding=\"async\" width=\"1024\" height=\"1024\" data-id=\"329\" src=\"https:\/\/elgallinerdelantiquari.net\/wp-content\/uploads\/2024\/12\/WhatsApp-Image-2024-12-27-at-08.49.43-1024x1024.jpeg\" alt=\"\" class=\"wp-image-329\" srcset=\"https:\/\/elgallinerdelantiquari.net\/wp-content\/uploads\/2024\/12\/WhatsApp-Image-2024-12-27-at-08.49.43-1024x1024.jpeg 1024w, https:\/\/elgallinerdelantiquari.net\/wp-content\/uploads\/2024\/12\/WhatsApp-Image-2024-12-27-at-08.49.43-300x300.jpeg 300w, https:\/\/elgallinerdelantiquari.net\/wp-content\/uploads\/2024\/12\/WhatsApp-Image-2024-12-27-at-08.49.43-150x150.jpeg 150w, https:\/\/elgallinerdelantiquari.net\/wp-content\/uploads\/2024\/12\/WhatsApp-Image-2024-12-27-at-08.49.43-768x768.jpeg 768w, https:\/\/elgallinerdelantiquari.net\/wp-content\/uploads\/2024\/12\/WhatsApp-Image-2024-12-27-at-08.49.43-1536x1536.jpeg 1536w, https:\/\/elgallinerdelantiquari.net\/wp-content\/uploads\/2024\/12\/WhatsApp-Image-2024-12-27-at-08.49.43.jpeg 1600w\" sizes=\"auto, (max-width: 1024px) 100vw, 1024px\" \/><\/figure>\n\n\n\n<figure class=\"wp-block-image size-large\"><img loading=\"lazy\" decoding=\"async\" width=\"950\" height=\"789\" data-id=\"247\" src=\"https:\/\/elgallinerdelantiquari.net\/wp-content\/uploads\/2024\/12\/contribution_gallery.webp\" alt=\"\" class=\"wp-image-247\" srcset=\"https:\/\/elgallinerdelantiquari.net\/wp-content\/uploads\/2024\/12\/contribution_gallery.webp 950w, https:\/\/elgallinerdelantiquari.net\/wp-content\/uploads\/2024\/12\/contribution_gallery-300x249.webp 300w, https:\/\/elgallinerdelantiquari.net\/wp-content\/uploads\/2024\/12\/contribution_gallery-768x638.webp 768w\" sizes=\"auto, (max-width: 950px) 100vw, 950px\" \/><\/figure>\n\n\n\n<figure class=\"wp-block-image size-large\"><img loading=\"lazy\" decoding=\"async\" width=\"1024\" height=\"1024\" data-id=\"341\" src=\"https:\/\/elgallinerdelantiquari.net\/wp-content\/uploads\/2024\/12\/WhatsApp-Image-2024-12-27-at-09.11.54-1024x1024.jpeg\" alt=\"\" class=\"wp-image-341\" srcset=\"https:\/\/elgallinerdelantiquari.net\/wp-content\/uploads\/2024\/12\/WhatsApp-Image-2024-12-27-at-09.11.54-1024x1024.jpeg 1024w, https:\/\/elgallinerdelantiquari.net\/wp-content\/uploads\/2024\/12\/WhatsApp-Image-2024-12-27-at-09.11.54-300x300.jpeg 300w, https:\/\/elgallinerdelantiquari.net\/wp-content\/uploads\/2024\/12\/WhatsApp-Image-2024-12-27-at-09.11.54-150x150.jpeg 150w, https:\/\/elgallinerdelantiquari.net\/wp-content\/uploads\/2024\/12\/WhatsApp-Image-2024-12-27-at-09.11.54-768x768.jpeg 768w, https:\/\/elgallinerdelantiquari.net\/wp-content\/uploads\/2024\/12\/WhatsApp-Image-2024-12-27-at-09.11.54-1536x1536.jpeg 1536w, https:\/\/elgallinerdelantiquari.net\/wp-content\/uploads\/2024\/12\/WhatsApp-Image-2024-12-27-at-09.11.54.jpeg 1600w\" sizes=\"auto, (max-width: 1024px) 100vw, 1024px\" \/><\/figure>\n\n\n\n<figure class=\"wp-block-image size-large\"><img loading=\"lazy\" decoding=\"async\" width=\"1024\" height=\"1024\" data-id=\"342\" src=\"https:\/\/elgallinerdelantiquari.net\/wp-content\/uploads\/2024\/12\/WhatsApp-Image-2024-12-27-at-09.11.45-1024x1024.jpeg\" alt=\"\" class=\"wp-image-342\" srcset=\"https:\/\/elgallinerdelantiquari.net\/wp-content\/uploads\/2024\/12\/WhatsApp-Image-2024-12-27-at-09.11.45-1024x1024.jpeg 1024w, https:\/\/elgallinerdelantiquari.net\/wp-content\/uploads\/2024\/12\/WhatsApp-Image-2024-12-27-at-09.11.45-300x300.jpeg 300w, https:\/\/elgallinerdelantiquari.net\/wp-content\/uploads\/2024\/12\/WhatsApp-Image-2024-12-27-at-09.11.45-150x150.jpeg 150w, https:\/\/elgallinerdelantiquari.net\/wp-content\/uploads\/2024\/12\/WhatsApp-Image-2024-12-27-at-09.11.45-768x768.jpeg 768w, https:\/\/elgallinerdelantiquari.net\/wp-content\/uploads\/2024\/12\/WhatsApp-Image-2024-12-27-at-09.11.45-1536x1536.jpeg 1536w, https:\/\/elgallinerdelantiquari.net\/wp-content\/uploads\/2024\/12\/WhatsApp-Image-2024-12-27-at-09.11.45.jpeg 1600w\" sizes=\"auto, (max-width: 1024px) 100vw, 1024px\" \/><\/figure>\n\n\n\n<figure class=\"wp-block-image size-large\"><img loading=\"lazy\" decoding=\"async\" width=\"1024\" height=\"1024\" data-id=\"343\" src=\"https:\/\/elgallinerdelantiquari.net\/wp-content\/uploads\/2024\/12\/WhatsApp-Image-2024-12-27-at-09.11.36-1024x1024.jpeg\" alt=\"\" class=\"wp-image-343\" srcset=\"https:\/\/elgallinerdelantiquari.net\/wp-content\/uploads\/2024\/12\/WhatsApp-Image-2024-12-27-at-09.11.36-1024x1024.jpeg 1024w, https:\/\/elgallinerdelantiquari.net\/wp-content\/uploads\/2024\/12\/WhatsApp-Image-2024-12-27-at-09.11.36-300x300.jpeg 300w, https:\/\/elgallinerdelantiquari.net\/wp-content\/uploads\/2024\/12\/WhatsApp-Image-2024-12-27-at-09.11.36-150x150.jpeg 150w, https:\/\/elgallinerdelantiquari.net\/wp-content\/uploads\/2024\/12\/WhatsApp-Image-2024-12-27-at-09.11.36-768x768.jpeg 768w, https:\/\/elgallinerdelantiquari.net\/wp-content\/uploads\/2024\/12\/WhatsApp-Image-2024-12-27-at-09.11.36-1536x1536.jpeg 1536w, https:\/\/elgallinerdelantiquari.net\/wp-content\/uploads\/2024\/12\/WhatsApp-Image-2024-12-27-at-09.11.36.jpeg 1600w\" sizes=\"auto, (max-width: 1024px) 100vw, 1024px\" \/><\/figure>\n\n\n\n<figure class=\"wp-block-image size-large\"><img loading=\"lazy\" decoding=\"async\" width=\"1024\" height=\"1024\" data-id=\"344\" src=\"https:\/\/elgallinerdelantiquari.net\/wp-content\/uploads\/2024\/12\/WhatsApp-Image-2024-12-27-at-09.11.23-1024x1024.jpeg\" alt=\"\" class=\"wp-image-344\" srcset=\"https:\/\/elgallinerdelantiquari.net\/wp-content\/uploads\/2024\/12\/WhatsApp-Image-2024-12-27-at-09.11.23-1024x1024.jpeg 1024w, https:\/\/elgallinerdelantiquari.net\/wp-content\/uploads\/2024\/12\/WhatsApp-Image-2024-12-27-at-09.11.23-300x300.jpeg 300w, https:\/\/elgallinerdelantiquari.net\/wp-content\/uploads\/2024\/12\/WhatsApp-Image-2024-12-27-at-09.11.23-150x150.jpeg 150w, https:\/\/elgallinerdelantiquari.net\/wp-content\/uploads\/2024\/12\/WhatsApp-Image-2024-12-27-at-09.11.23-768x768.jpeg 768w, https:\/\/elgallinerdelantiquari.net\/wp-content\/uploads\/2024\/12\/WhatsApp-Image-2024-12-27-at-09.11.23-1536x1536.jpeg 1536w, https:\/\/elgallinerdelantiquari.net\/wp-content\/uploads\/2024\/12\/WhatsApp-Image-2024-12-27-at-09.11.23.jpeg 1600w\" sizes=\"auto, (max-width: 1024px) 100vw, 1024px\" \/><\/figure>\n\n\n\n<figure class=\"wp-block-image size-large\"><img loading=\"lazy\" decoding=\"async\" width=\"1024\" height=\"1024\" data-id=\"345\" src=\"https:\/\/elgallinerdelantiquari.net\/wp-content\/uploads\/2024\/12\/WhatsApp-Image-2024-12-27-at-09.11.09-1024x1024.jpeg\" alt=\"\" class=\"wp-image-345\" srcset=\"https:\/\/elgallinerdelantiquari.net\/wp-content\/uploads\/2024\/12\/WhatsApp-Image-2024-12-27-at-09.11.09-1024x1024.jpeg 1024w, https:\/\/elgallinerdelantiquari.net\/wp-content\/uploads\/2024\/12\/WhatsApp-Image-2024-12-27-at-09.11.09-300x300.jpeg 300w, https:\/\/elgallinerdelantiquari.net\/wp-content\/uploads\/2024\/12\/WhatsApp-Image-2024-12-27-at-09.11.09-150x150.jpeg 150w, https:\/\/elgallinerdelantiquari.net\/wp-content\/uploads\/2024\/12\/WhatsApp-Image-2024-12-27-at-09.11.09-768x768.jpeg 768w, https:\/\/elgallinerdelantiquari.net\/wp-content\/uploads\/2024\/12\/WhatsApp-Image-2024-12-27-at-09.11.09-1536x1536.jpeg 1536w, https:\/\/elgallinerdelantiquari.net\/wp-content\/uploads\/2024\/12\/WhatsApp-Image-2024-12-27-at-09.11.09.jpeg 1600w\" sizes=\"auto, (max-width: 1024px) 100vw, 1024px\" \/><\/figure>\n\n\n\n<figure class=\"wp-block-image size-large\"><img loading=\"lazy\" decoding=\"async\" width=\"1024\" height=\"1024\" data-id=\"346\" src=\"https:\/\/elgallinerdelantiquari.net\/wp-content\/uploads\/2024\/12\/WhatsApp-Image-2024-12-27-at-09.11.03-1024x1024.jpeg\" alt=\"\" class=\"wp-image-346\" srcset=\"https:\/\/elgallinerdelantiquari.net\/wp-content\/uploads\/2024\/12\/WhatsApp-Image-2024-12-27-at-09.11.03-1024x1024.jpeg 1024w, https:\/\/elgallinerdelantiquari.net\/wp-content\/uploads\/2024\/12\/WhatsApp-Image-2024-12-27-at-09.11.03-300x300.jpeg 300w, https:\/\/elgallinerdelantiquari.net\/wp-content\/uploads\/2024\/12\/WhatsApp-Image-2024-12-27-at-09.11.03-150x150.jpeg 150w, https:\/\/elgallinerdelantiquari.net\/wp-content\/uploads\/2024\/12\/WhatsApp-Image-2024-12-27-at-09.11.03-768x768.jpeg 768w, https:\/\/elgallinerdelantiquari.net\/wp-content\/uploads\/2024\/12\/WhatsApp-Image-2024-12-27-at-09.11.03-1536x1536.jpeg 1536w, https:\/\/elgallinerdelantiquari.net\/wp-content\/uploads\/2024\/12\/WhatsApp-Image-2024-12-27-at-09.11.03.jpeg 1600w\" sizes=\"auto, (max-width: 1024px) 100vw, 1024px\" \/><\/figure>\n\n\n\n<figure class=\"wp-block-image size-large\"><img loading=\"lazy\" decoding=\"async\" width=\"1024\" height=\"1024\" data-id=\"347\" src=\"https:\/\/elgallinerdelantiquari.net\/wp-content\/uploads\/2024\/12\/WhatsApp-Image-2024-12-27-at-09.10.49-1024x1024.jpeg\" alt=\"\" class=\"wp-image-347\" srcset=\"https:\/\/elgallinerdelantiquari.net\/wp-content\/uploads\/2024\/12\/WhatsApp-Image-2024-12-27-at-09.10.49-1024x1024.jpeg 1024w, https:\/\/elgallinerdelantiquari.net\/wp-content\/uploads\/2024\/12\/WhatsApp-Image-2024-12-27-at-09.10.49-300x300.jpeg 300w, https:\/\/elgallinerdelantiquari.net\/wp-content\/uploads\/2024\/12\/WhatsApp-Image-2024-12-27-at-09.10.49-150x150.jpeg 150w, https:\/\/elgallinerdelantiquari.net\/wp-content\/uploads\/2024\/12\/WhatsApp-Image-2024-12-27-at-09.10.49-768x768.jpeg 768w, https:\/\/elgallinerdelantiquari.net\/wp-content\/uploads\/2024\/12\/WhatsApp-Image-2024-12-27-at-09.10.49-1536x1536.jpeg 1536w, https:\/\/elgallinerdelantiquari.net\/wp-content\/uploads\/2024\/12\/WhatsApp-Image-2024-12-27-at-09.10.49.jpeg 1600w\" sizes=\"auto, (max-width: 1024px) 100vw, 1024px\" \/><\/figure>\n\n\n\n<figure class=\"wp-block-image size-large\"><img loading=\"lazy\" decoding=\"async\" width=\"1024\" height=\"1024\" data-id=\"348\" src=\"https:\/\/elgallinerdelantiquari.net\/wp-content\/uploads\/2024\/12\/WhatsApp-Image-2024-12-27-at-09.10.40-1024x1024.jpeg\" alt=\"\" class=\"wp-image-348\" srcset=\"https:\/\/elgallinerdelantiquari.net\/wp-content\/uploads\/2024\/12\/WhatsApp-Image-2024-12-27-at-09.10.40-1024x1024.jpeg 1024w, https:\/\/elgallinerdelantiquari.net\/wp-content\/uploads\/2024\/12\/WhatsApp-Image-2024-12-27-at-09.10.40-300x300.jpeg 300w, https:\/\/elgallinerdelantiquari.net\/wp-content\/uploads\/2024\/12\/WhatsApp-Image-2024-12-27-at-09.10.40-150x150.jpeg 150w, https:\/\/elgallinerdelantiquari.net\/wp-content\/uploads\/2024\/12\/WhatsApp-Image-2024-12-27-at-09.10.40-768x768.jpeg 768w, https:\/\/elgallinerdelantiquari.net\/wp-content\/uploads\/2024\/12\/WhatsApp-Image-2024-12-27-at-09.10.40-1536x1536.jpeg 1536w, https:\/\/elgallinerdelantiquari.net\/wp-content\/uploads\/2024\/12\/WhatsApp-Image-2024-12-27-at-09.10.40.jpeg 1600w\" sizes=\"auto, (max-width: 1024px) 100vw, 1024px\" \/><\/figure>\n\n\n\n<figure class=\"wp-block-image size-large\"><img loading=\"lazy\" decoding=\"async\" width=\"1024\" height=\"1024\" data-id=\"349\" src=\"https:\/\/elgallinerdelantiquari.net\/wp-content\/uploads\/2024\/12\/WhatsApp-Image-2024-12-27-at-09.10.08-1024x1024.jpeg\" alt=\"\" class=\"wp-image-349\" srcset=\"https:\/\/elgallinerdelantiquari.net\/wp-content\/uploads\/2024\/12\/WhatsApp-Image-2024-12-27-at-09.10.08-1024x1024.jpeg 1024w, https:\/\/elgallinerdelantiquari.net\/wp-content\/uploads\/2024\/12\/WhatsApp-Image-2024-12-27-at-09.10.08-300x300.jpeg 300w, https:\/\/elgallinerdelantiquari.net\/wp-content\/uploads\/2024\/12\/WhatsApp-Image-2024-12-27-at-09.10.08-150x150.jpeg 150w, https:\/\/elgallinerdelantiquari.net\/wp-content\/uploads\/2024\/12\/WhatsApp-Image-2024-12-27-at-09.10.08-768x768.jpeg 768w, https:\/\/elgallinerdelantiquari.net\/wp-content\/uploads\/2024\/12\/WhatsApp-Image-2024-12-27-at-09.10.08-1536x1536.jpeg 1536w, https:\/\/elgallinerdelantiquari.net\/wp-content\/uploads\/2024\/12\/WhatsApp-Image-2024-12-27-at-09.10.08.jpeg 1600w\" sizes=\"auto, (max-width: 1024px) 100vw, 1024px\" \/><\/figure>\n\n\n\n<figure class=\"wp-block-image size-large\"><img loading=\"lazy\" decoding=\"async\" width=\"1024\" height=\"1024\" data-id=\"350\" src=\"https:\/\/elgallinerdelantiquari.net\/wp-content\/uploads\/2024\/12\/WhatsApp-Image-2024-12-27-at-09.09.51-1024x1024.jpeg\" alt=\"\" class=\"wp-image-350\" srcset=\"https:\/\/elgallinerdelantiquari.net\/wp-content\/uploads\/2024\/12\/WhatsApp-Image-2024-12-27-at-09.09.51-1024x1024.jpeg 1024w, https:\/\/elgallinerdelantiquari.net\/wp-content\/uploads\/2024\/12\/WhatsApp-Image-2024-12-27-at-09.09.51-300x300.jpeg 300w, https:\/\/elgallinerdelantiquari.net\/wp-content\/uploads\/2024\/12\/WhatsApp-Image-2024-12-27-at-09.09.51-150x150.jpeg 150w, https:\/\/elgallinerdelantiquari.net\/wp-content\/uploads\/2024\/12\/WhatsApp-Image-2024-12-27-at-09.09.51-768x768.jpeg 768w, https:\/\/elgallinerdelantiquari.net\/wp-content\/uploads\/2024\/12\/WhatsApp-Image-2024-12-27-at-09.09.51-1536x1536.jpeg 1536w, https:\/\/elgallinerdelantiquari.net\/wp-content\/uploads\/2024\/12\/WhatsApp-Image-2024-12-27-at-09.09.51.jpeg 1600w\" sizes=\"auto, (max-width: 1024px) 100vw, 1024px\" \/><\/figure>\n\n\n\n<figure class=\"wp-block-image size-large\"><img loading=\"lazy\" decoding=\"async\" width=\"1024\" height=\"1024\" data-id=\"351\" src=\"https:\/\/elgallinerdelantiquari.net\/wp-content\/uploads\/2024\/12\/WhatsApp-Image-2024-12-27-at-09.09.14-1024x1024.jpeg\" alt=\"\" class=\"wp-image-351\" srcset=\"https:\/\/elgallinerdelantiquari.net\/wp-content\/uploads\/2024\/12\/WhatsApp-Image-2024-12-27-at-09.09.14-1024x1024.jpeg 1024w, https:\/\/elgallinerdelantiquari.net\/wp-content\/uploads\/2024\/12\/WhatsApp-Image-2024-12-27-at-09.09.14-300x300.jpeg 300w, https:\/\/elgallinerdelantiquari.net\/wp-content\/uploads\/2024\/12\/WhatsApp-Image-2024-12-27-at-09.09.14-150x150.jpeg 150w, https:\/\/elgallinerdelantiquari.net\/wp-content\/uploads\/2024\/12\/WhatsApp-Image-2024-12-27-at-09.09.14-768x768.jpeg 768w, https:\/\/elgallinerdelantiquari.net\/wp-content\/uploads\/2024\/12\/WhatsApp-Image-2024-12-27-at-09.09.14-1536x1536.jpeg 1536w, https:\/\/elgallinerdelantiquari.net\/wp-content\/uploads\/2024\/12\/WhatsApp-Image-2024-12-27-at-09.09.14.jpeg 1600w\" sizes=\"auto, (max-width: 1024px) 100vw, 1024px\" \/><\/figure>\n\n\n\n<figure class=\"wp-block-image size-large\"><img loading=\"lazy\" decoding=\"async\" width=\"1024\" height=\"1024\" data-id=\"352\" src=\"https:\/\/elgallinerdelantiquari.net\/wp-content\/uploads\/2024\/12\/WhatsApp-Image-2024-12-27-at-09.11.59-1024x1024.jpeg\" alt=\"\" class=\"wp-image-352\" srcset=\"https:\/\/elgallinerdelantiquari.net\/wp-content\/uploads\/2024\/12\/WhatsApp-Image-2024-12-27-at-09.11.59-1024x1024.jpeg 1024w, https:\/\/elgallinerdelantiquari.net\/wp-content\/uploads\/2024\/12\/WhatsApp-Image-2024-12-27-at-09.11.59-300x300.jpeg 300w, https:\/\/elgallinerdelantiquari.net\/wp-content\/uploads\/2024\/12\/WhatsApp-Image-2024-12-27-at-09.11.59-150x150.jpeg 150w, https:\/\/elgallinerdelantiquari.net\/wp-content\/uploads\/2024\/12\/WhatsApp-Image-2024-12-27-at-09.11.59-768x768.jpeg 768w, https:\/\/elgallinerdelantiquari.net\/wp-content\/uploads\/2024\/12\/WhatsApp-Image-2024-12-27-at-09.11.59-1536x1536.jpeg 1536w, https:\/\/elgallinerdelantiquari.net\/wp-content\/uploads\/2024\/12\/WhatsApp-Image-2024-12-27-at-09.11.59.jpeg 1600w\" sizes=\"auto, (max-width: 1024px) 100vw, 1024px\" \/><\/figure>\n<\/figure>\n","protected":false},"excerpt":{"rendered":"","protected":false},"author":1,"featured_media":0,"parent":0,"menu_order":0,"comment_status":"closed","ping_status":"closed","template":"","meta":{"_kad_post_transparent":"","_kad_post_title":"","_kad_post_layout":"","_kad_post_sidebar_id":"","_kad_post_content_style":"","_kad_post_vertical_padding":"","_kad_post_feature":"","_kad_post_feature_position":"","_kad_post_header":false,"_kad_post_footer":false,"_kad_post_classname":"","footnotes":""},"class_list":["post-404","page","type-page","status-publish","hentry"],"_links":{"self":[{"href":"https:\/\/elgallinerdelantiquari.net\/ca\/wp-json\/wp\/v2\/pages\/404","targetHints":{"allow":["GET"]}}],"collection":[{"href":"https:\/\/elgallinerdelantiquari.net\/ca\/wp-json\/wp\/v2\/pages"}],"about":[{"href":"https:\/\/elgallinerdelantiquari.net\/ca\/wp-json\/wp\/v2\/types\/page"}],"author":[{"embeddable":true,"href":"https:\/\/elgallinerdelantiquari.net\/ca\/wp-json\/wp\/v2\/users\/1"}],"replies":[{"embeddable":true,"href":"https:\/\/elgallinerdelantiquari.net\/ca\/wp-json\/wp\/v2\/comments?post=404"}],"version-history":[{"count":2,"href":"https:\/\/elgallinerdelantiquari.net\/ca\/wp-json\/wp\/v2\/pages\/404\/revisions"}],"predecessor-version":[{"id":457,"href":"https:\/\/elgallinerdelantiquari.net\/ca\/wp-json\/wp\/v2\/pages\/404\/revisions\/457"}],"wp:attachment":[{"href":"https:\/\/elgallinerdelantiquari.net\/ca\/wp-json\/wp\/v2\/media?parent=404"}],"curies":[{"name":"wp","href":"https:\/\/api.w.org\/{rel}","templated":true}]}}